{"id":1033,"date":"2020-09-07T09:19:25","date_gmt":"2020-09-07T09:19:25","guid":{"rendered":"https:\/\/demo.crocoblock.com\/findero-new\/?page_id=1033"},"modified":"2020-09-07T09:19:25","modified_gmt":"2020-09-07T09:19:25","slug":"login","status":"publish","type":"page","link":"https:\/\/luxe-patrimoine.com\/fr\/login\/","title":{"rendered":"Login"},"content":{"rendered":"\t\t<div data-elementor-type=\"wp-page\" data-elementor-id=\"1033\" class=\"elementor elementor-1033\" data-elementor-post-type=\"page\">\n\t\t\t\t\t\t<section class=\"elementor-section elementor-top-section elementor-element elementor-element-61ede66 elementor-section-boxed elementor-section-height-default elementor-section-height-default\" data-id=\"61ede66\" data-element_type=\"section\" data-settings=\"{&quot;jet_parallax_layout_list&quot;:[{&quot;jet_parallax_layout_image&quot;:{&quot;url&quot;:&quot;&quot;,&quot;id&quot;:&quot;&quot;,&quot;size&quot;:&quot;&quot;},&quot;_id&quot;:&quot;e9c3120&quot;,&quot;jet_parallax_layout_image_tablet&quot;:{&quot;url&quot;:&quot;&quot;,&quot;id&quot;:&quot;&quot;,&quot;size&quot;:&quot;&quot;},&quot;jet_parallax_layout_image_mobile&quot;:{&quot;url&quot;:&quot;&quot;,&quot;id&quot;:&quot;&quot;,&quot;size&quot;:&quot;&quot;},&quot;jet_parallax_layout_speed&quot;:{&quot;unit&quot;:&quot;%&quot;,&quot;size&quot;:50,&quot;sizes&quot;:[]},&quot;jet_parallax_layout_type&quot;:&quot;scroll&quot;,&quot;jet_parallax_layout_direction&quot;:null,&quot;jet_parallax_layout_fx_direction&quot;:null,&quot;jet_parallax_layout_z_index&quot;:&quot;&quot;,&quot;jet_parallax_layout_bg_x&quot;:50,&quot;jet_parallax_layout_bg_x_tablet&quot;:&quot;&quot;,&quot;jet_parallax_layout_bg_x_mobile&quot;:&quot;&quot;,&quot;jet_parallax_layout_bg_y&quot;:50,&quot;jet_parallax_layout_bg_y_tablet&quot;:&quot;&quot;,&quot;jet_parallax_layout_bg_y_mobile&quot;:&quot;&quot;,&quot;jet_parallax_layout_bg_size&quot;:&quot;auto&quot;,&quot;jet_parallax_layout_bg_size_tablet&quot;:&quot;&quot;,&quot;jet_parallax_layout_bg_size_mobile&quot;:&quot;&quot;,&quot;jet_parallax_layout_animation_prop&quot;:&quot;transform&quot;,&quot;jet_parallax_layout_on&quot;:[&quot;desktop&quot;,&quot;tablet&quot;]}]}\">\n\t\t\t\t\t\t<div class=\"elementor-container elementor-column-gap-default\">\n\t\t\t\t\t<div class=\"elementor-column elementor-col-100 elementor-top-column elementor-element elementor-element-c74a56a\" data-id=\"c74a56a\" data-element_type=\"column\">\n\t\t\t<div class=\"elementor-widget-wrap elementor-element-populated\">\n\t\t\t\t\t\t<div class=\"elementor-element elementor-element-e52a86a elementor-widget elementor-widget-heading\" data-id=\"e52a86a\" data-element_type=\"widget\" data-widget_type=\"heading.default\">\n\t\t\t\t<div class=\"elementor-widget-container\">\n\t\t\t\t\t<h2 class=\"elementor-heading-title elementor-size-default\">Try the account in action!<\/h2>\t\t\t\t<\/div>\n\t\t\t\t<\/div>\n\t\t\t\t<div class=\"elementor-element elementor-element-2c501db jedv-enabled--yes elementor-widget elementor-widget-text-editor\" data-id=\"2c501db\" data-element_type=\"widget\" data-widget_type=\"text-editor.default\">\n\t\t\t\t<div class=\"elementor-widget-container\">\n\t\t\t\t\t\t\t\t\tEnter the following username and password to log in:\n<br>User: <strong>demo<\/strong> Password: <strong>demo<\/strong>\t\t\t\t\t\t\t\t<\/div>\n\t\t\t\t<\/div>\n\t\t\t\t<div class=\"elementor-element elementor-element-732a792 jedv-enabled--yes elementor-widget elementor-widget-jet-form-builder-form\" data-id=\"732a792\" data-element_type=\"widget\" data-widget_type=\"jet-form-builder-form.default\">\n\t\t\t\t<div class=\"elementor-widget-container\">\n\t\t\t\t\t<link rel='stylesheet' id='wp-block-library-css' href='https:\/\/luxe-patrimoine.com\/wp-includes\/css\/dist\/block-library\/style.min.css?ver=6.8.1' media='all' \/>\n<style id=\"jet-form-builder-2192-inline-css\"><\/style><form  class=\"jet-form-builder layout-column submit-type-reload\" action=\"https:\/\/luxe-patrimoine.com\/fr\/wp-json\/wp\/v2\/pages\/1033\/?jet_form_builder_submit=submit&amp;method=reload\" method=\"POST\" data-form-id=\"2192\" data-layout=\"column\" enctype=\"multipart\/form-data\" novalidate=\"null\"><input type=\"hidden\" id=\"_wpnonce\" name=\"_wpnonce\" value=\"6e005930b4\" \/><input type=\"hidden\" name=\"_wp_http_referer\" value=\"\/fr\/wp-json\/wp\/v2\/pages\/1033\" \/>\r\n<input type=\"hidden\" name=\"_jfb_current_render_states[]\" value=\"DEFAULT.STATE\" data-jfb-sync \/><input type=\"hidden\" class=\"jet-form-builder__field hidden-field\" name=\"_jet_engine_booking_form_id\" data-field-name=\"_jet_engine_booking_form_id\" value=\"2192\">\n<input type=\"hidden\" class=\"jet-form-builder__field hidden-field\" name=\"_jet_engine_refer\" data-field-name=\"_jet_engine_refer\" value=\"https:\/\/luxe-patrimoine.com\/fr\/wp-json\/wp\/v2\/pages\/1033\/\">\n<input type=\"hidden\" class=\"jet-form-builder__field hidden-field\" name=\"__queried_post_id\" data-field-name=\"__queried_post_id\" value=\"1033\">\n<div  class=\"jet-form-builder-row field-type-heading-field\" >\n<div class=\"jet-form-builder__heading\">\r\n<div class=\"jet-form-builder__label-text\">Login<\/div><\/div>\n<\/div>\n\n<div  class=\"jet-form-builder-row field-type-text-field\" >\n<div class=\"jet-form-builder__label\">\r\n<div class=\"jet-form-builder__label-text\">E-mail <span class=\"jet-form-builder__required\">*<\/span><\/div><\/div><div class=\"jet-form-builder__field-wrap\">\n\t\t\t\t<input required=\"required\" name=\"e-mail\" id=\"e-mail\" type=\"text\" data-field-name=\"e-mail\" class=\"jet-form-builder__field text-field\" data-jfb-sync=\"null\">\n\t\t\t\t\t<\/div>\n<\/div>\n\n<div  class=\"jet-form-builder-row field-type-text-field\" >\n<div class=\"jet-form-builder__label\">\r\n<div class=\"jet-form-builder__label-text\">Password <span class=\"jet-form-builder__required\">*<\/span><\/div><\/div><div class=\"jet-form-builder__field-wrap\">\n\t\t\t\t<input required=\"required\" name=\"password\" id=\"password\" type=\"password\" data-field-name=\"password\" class=\"jet-form-builder__field text-field\" data-jfb-sync=\"null\">\n\t\t\t\t\t<\/div>\n<\/div>\n\n<div  class=\"jet-form-builder-row field-type-checkbox-field\" >\n<div class=\"jet-form-builder__fields-group checkradio-wrap\" data-jfb-sync><div class=\"jet-form-builder__field-wrap checkboxes-wrap checkradio-wrap\"><label class=\"jet-form-builder__field-label for-checkbox\">\n<input type=\"checkbox\" name=\"remember-me\" value=\"Remember Me\" data-field-name=\"remember-me\"  class=\"jet-form-builder__field checkboxes-field checkradio-field\"><span>Remember Me<\/span><\/label><\/div><\/div>\n<\/div>\n\n<div  class=\"jet-form-builder-row field-type-submit-field\" >\n\t<div data-type=\"submit\" class=\"jet-form-builder__action-button-wrapper jet-form-builder__submit-wrap\">\n\t<button class=\"jet-form-builder__action-button jet-form-builder__submit submit-type-reload\" type=\"submit\">Login now<\/button>\n\t<\/div>\n\t\n<\/div>\n\n\n<p class=\"has-text-align-left\"><a href=\"https:\/\/demo.crocoblock.com\/findero-new\/wp-login.php?action=lostpassword\"><span style=\"color:#858b94\" class=\"has-inline-color\">Forgot password?<\/span><\/a><br><br>Don't you have an account? <a href=\"https:\/\/demo.crocoblock.com\/findero-new\/registration\/\">Register<\/a><\/p>\n\t<div class=\"jet-form-builder-messages-wrap\" data-form-id=\"2192\"><\/div>\n<\/form>\n\t\t\t\t<\/div>\n\t\t\t\t<\/div>\n\t\t\t\t\t<\/div>\n\t\t<\/div>\n\t\t\t\t\t<\/div>\n\t\t<\/section>\n\t\t\t\t<\/div>\n\t\t","protected":false},"excerpt":{"rendered":"<p>Try the account in action! Enter the following username and password to log in: User: demo Password: demo Login E-mail [&hellip;]<\/p>\n","protected":false},"author":16,"featured_media":0,"parent":0,"menu_order":0,"comment_status":"closed","ping_status":"closed","template":"elementor_header_footer","meta":{"_monsterinsights_skip_tracking":false,"_monsterinsights_sitenote_active":false,"_monsterinsights_sitenote_note":"","_monsterinsights_sitenote_category":0,"site-sidebar-layout":"default","site-content-layout":"","ast-site-content-layout":"","site-content-style":"default","site-sidebar-style":"default","ast-global-header-display":"","ast-banner-title-visibility":"","ast-main-header-display":"","ast-hfb-above-header-display":"","ast-hfb-below-header-display":"","ast-hfb-mobile-header-display":"","site-post-title":"","ast-breadcrumbs-content":"","ast-featured-img":"","footer-sml-layout":"","theme-transparent-header-meta":"","adv-header-id-meta":"","stick-header-meta":"","header-above-stick-meta":"","header-main-stick-meta":"","header-below-stick-meta":"","astra-migrate-meta-layouts":"default","ast-page-background-enabled":"default","ast-page-background-meta":{"desktop":{"background-color":"var(--ast-global-color-5)","background-image":"","background-repeat":"repeat","background-position":"center center","background-size":"auto","background-attachment":"scroll","background-type":"","background-media":"","overlay-type":"","overlay-color":"","overlay-opacity":"","overlay-gradient":""},"tablet":{"background-color":"","background-image":"","background-repeat":"repeat","background-position":"center center","background-size":"auto","background-attachment":"scroll","background-type":"","background-media":"","overlay-type":"","overlay-color":"","overlay-opacity":"","overlay-gradient":""},"mobile":{"background-color":"","background-image":"","background-repeat":"repeat","background-position":"center center","background-size":"auto","background-attachment":"scroll","background-type":"","background-media":"","overlay-type":"","overlay-color":"","overlay-opacity":"","overlay-gradient":""}},"ast-content-background-meta":{"desktop":{"background-color":"var(--ast-global-color-4)","background-image":"","background-repeat":"repeat","background-position":"center center","background-size":"auto","background-attachment":"scroll","background-type":"","background-media":"","overlay-type":"","overlay-color":"","overlay-opacity":"","overlay-gradient":""},"tablet":{"background-color":"var(--ast-global-color-4)","background-image":"","background-repeat":"repeat","background-position":"center center","background-size":"auto","background-attachment":"scroll","background-type":"","background-media":"","overlay-type":"","overlay-color":"","overlay-opacity":"","overlay-gradient":""},"mobile":{"background-color":"var(--ast-global-color-4)","background-image":"","background-repeat":"repeat","background-position":"center center","background-size":"auto","background-attachment":"scroll","background-type":"","background-media":"","overlay-type":"","overlay-color":"","overlay-opacity":"","overlay-gradient":""}},"footnotes":""},"class_list":["post-1033","page","type-page","status-publish","hentry"],"yoast_head":"<!-- This site is optimized with the Yoast SEO plugin v25.4 - https:\/\/yoast.com\/wordpress\/plugins\/seo\/ -->\n<title>Login - Agence Immobili\u00e8re Fran\u00e7aise \u00e0 Dubai - Luxe &amp; Patrimoine<\/title>\n<meta name=\"robots\" content=\"index, follow, max-snippet:-1, max-image-preview:large, max-video-preview:-1\" \/>\n<link rel=\"canonical\" href=\"https:\/\/luxe-patrimoine.com\/login\/\" \/>\n<meta property=\"og:locale\" content=\"fr_FR\" \/>\n<meta property=\"og:type\" content=\"article\" \/>\n<meta property=\"og:title\" content=\"Login - Agence Immobili\u00e8re Fran\u00e7aise \u00e0 Dubai - Luxe &amp; Patrimoine\" \/>\n<meta property=\"og:description\" content=\"Try the account in action! Enter the following username and password to log in: User: demo Password: demo Login E-mail [&hellip;]\" \/>\n<meta property=\"og:url\" content=\"https:\/\/luxe-patrimoine.com\/login\/\" \/>\n<meta property=\"og:site_name\" content=\"Agence Immobili\u00e8re Fran\u00e7aise \u00e0 Dubai - Luxe &amp; Patrimoine\" \/>\n<meta property=\"article:publisher\" content=\"https:\/\/web.facebook.com\/profile.php?id=61573118061878\" \/>\n<meta name=\"twitter:card\" content=\"summary_large_image\" \/>\n<meta name=\"twitter:site\" content=\"@LuxePatrimoine\" \/>\n<script type=\"application\/ld+json\" class=\"yoast-schema-graph\">{\"@context\":\"https:\/\/schema.org\",\"@graph\":[{\"@type\":\"WebPage\",\"@id\":\"https:\/\/luxe-patrimoine.com\/login\/\",\"url\":\"https:\/\/luxe-patrimoine.com\/login\/\",\"name\":\"Login - Agence Immobili\u00e8re Fran\u00e7aise \u00e0 Dubai - Luxe &amp; Patrimoine\",\"isPartOf\":{\"@id\":\"https:\/\/luxe-patrimoine.com\/#website\"},\"datePublished\":\"2020-09-07T09:19:25+00:00\",\"breadcrumb\":{\"@id\":\"https:\/\/luxe-patrimoine.com\/login\/#breadcrumb\"},\"inLanguage\":\"fr-FR\",\"potentialAction\":[{\"@type\":\"ReadAction\",\"target\":[\"https:\/\/luxe-patrimoine.com\/login\/\"]}]},{\"@type\":\"BreadcrumbList\",\"@id\":\"https:\/\/luxe-patrimoine.com\/login\/#breadcrumb\",\"itemListElement\":[{\"@type\":\"ListItem\",\"position\":1,\"name\":\"Home\",\"item\":\"https:\/\/luxe-patrimoine.com\/\"},{\"@type\":\"ListItem\",\"position\":2,\"name\":\"Login\"}]},{\"@type\":\"WebSite\",\"@id\":\"https:\/\/luxe-patrimoine.com\/#website\",\"url\":\"https:\/\/luxe-patrimoine.com\/\",\"name\":\"Luxe & Patrimoine - Agence Immobili\u00e8re Fran\u00e7aise \u00e0 Dubai\",\"description\":\"\",\"publisher\":{\"@id\":\"https:\/\/luxe-patrimoine.com\/#organization\"},\"potentialAction\":[{\"@type\":\"SearchAction\",\"target\":{\"@type\":\"EntryPoint\",\"urlTemplate\":\"https:\/\/luxe-patrimoine.com\/?s={search_term_string}\"},\"query-input\":{\"@type\":\"PropertyValueSpecification\",\"valueRequired\":true,\"valueName\":\"search_term_string\"}}],\"inLanguage\":\"fr-FR\"},{\"@type\":\"Organization\",\"@id\":\"https:\/\/luxe-patrimoine.com\/#organization\",\"name\":\"Luxe & Patrimoine\",\"url\":\"https:\/\/luxe-patrimoine.com\/\",\"logo\":{\"@type\":\"ImageObject\",\"inLanguage\":\"fr-FR\",\"@id\":\"https:\/\/luxe-patrimoine.com\/#\/schema\/logo\/image\/\",\"url\":\"https:\/\/luxe-patrimoine.com\/wp-content\/uploads\/2020\/09\/Luxe-Patrimoine-Logo.png\",\"contentUrl\":\"https:\/\/luxe-patrimoine.com\/wp-content\/uploads\/2020\/09\/Luxe-Patrimoine-Logo.png\",\"width\":1179,\"height\":1108,\"caption\":\"Luxe & Patrimoine\"},\"image\":{\"@id\":\"https:\/\/luxe-patrimoine.com\/#\/schema\/logo\/image\/\"},\"sameAs\":[\"https:\/\/web.facebook.com\/profile.php?id=61573118061878\",\"https:\/\/x.com\/LuxePatrimoine\",\"https:\/\/www.instagram.com\/luxe_patrimoine\/\",\"https:\/\/www.youtube.com\/@LuxePatrimoine\",\"https:\/\/www.linkedin.com\/in\/luxe-patrimoine-124b5a348\/\"]}]}<\/script>\n<!-- \/ Yoast SEO plugin. -->","yoast_head_json":{"title":"Login - Agence Immobili\u00e8re Fran\u00e7aise \u00e0 Dubai - Luxe &amp; Patrimoine","robots":{"index":"index","follow":"follow","max-snippet":"max-snippet:-1","max-image-preview":"max-image-preview:large","max-video-preview":"max-video-preview:-1"},"canonical":"https:\/\/luxe-patrimoine.com\/login\/","og_locale":"fr_FR","og_type":"article","og_title":"Login - Agence Immobili\u00e8re Fran\u00e7aise \u00e0 Dubai - Luxe &amp; Patrimoine","og_description":"Try the account in action! Enter the following username and password to log in: User: demo Password: demo Login E-mail [&hellip;]","og_url":"https:\/\/luxe-patrimoine.com\/login\/","og_site_name":"Agence Immobili\u00e8re Fran\u00e7aise \u00e0 Dubai - Luxe &amp; Patrimoine","article_publisher":"https:\/\/web.facebook.com\/profile.php?id=61573118061878","twitter_card":"summary_large_image","twitter_site":"@LuxePatrimoine","schema":{"@context":"https:\/\/schema.org","@graph":[{"@type":"WebPage","@id":"https:\/\/luxe-patrimoine.com\/login\/","url":"https:\/\/luxe-patrimoine.com\/login\/","name":"Login - Agence Immobili\u00e8re Fran\u00e7aise \u00e0 Dubai - Luxe &amp; Patrimoine","isPartOf":{"@id":"https:\/\/luxe-patrimoine.com\/#website"},"datePublished":"2020-09-07T09:19:25+00:00","breadcrumb":{"@id":"https:\/\/luxe-patrimoine.com\/login\/#breadcrumb"},"inLanguage":"fr-FR","potentialAction":[{"@type":"ReadAction","target":["https:\/\/luxe-patrimoine.com\/login\/"]}]},{"@type":"BreadcrumbList","@id":"https:\/\/luxe-patrimoine.com\/login\/#breadcrumb","itemListElement":[{"@type":"ListItem","position":1,"name":"Home","item":"https:\/\/luxe-patrimoine.com\/"},{"@type":"ListItem","position":2,"name":"Login"}]},{"@type":"WebSite","@id":"https:\/\/luxe-patrimoine.com\/#website","url":"https:\/\/luxe-patrimoine.com\/","name":"Luxe & Patrimoine - Agence Immobili\u00e8re Fran\u00e7aise \u00e0 Dubai","description":"","publisher":{"@id":"https:\/\/luxe-patrimoine.com\/#organization"},"potentialAction":[{"@type":"SearchAction","target":{"@type":"EntryPoint","urlTemplate":"https:\/\/luxe-patrimoine.com\/?s={search_term_string}"},"query-input":{"@type":"PropertyValueSpecification","valueRequired":true,"valueName":"search_term_string"}}],"inLanguage":"fr-FR"},{"@type":"Organization","@id":"https:\/\/luxe-patrimoine.com\/#organization","name":"Luxe & Patrimoine","url":"https:\/\/luxe-patrimoine.com\/","logo":{"@type":"ImageObject","inLanguage":"fr-FR","@id":"https:\/\/luxe-patrimoine.com\/#\/schema\/logo\/image\/","url":"https:\/\/luxe-patrimoine.com\/wp-content\/uploads\/2020\/09\/Luxe-Patrimoine-Logo.png","contentUrl":"https:\/\/luxe-patrimoine.com\/wp-content\/uploads\/2020\/09\/Luxe-Patrimoine-Logo.png","width":1179,"height":1108,"caption":"Luxe & Patrimoine"},"image":{"@id":"https:\/\/luxe-patrimoine.com\/#\/schema\/logo\/image\/"},"sameAs":["https:\/\/web.facebook.com\/profile.php?id=61573118061878","https:\/\/x.com\/LuxePatrimoine","https:\/\/www.instagram.com\/luxe_patrimoine\/","https:\/\/www.youtube.com\/@LuxePatrimoine","https:\/\/www.linkedin.com\/in\/luxe-patrimoine-124b5a348\/"]}]}},"_links":{"self":[{"href":"https:\/\/luxe-patrimoine.com\/fr\/wp-json\/wp\/v2\/pages\/1033","targetHints":{"allow":["GET"]}}],"collection":[{"href":"https:\/\/luxe-patrimoine.com\/fr\/wp-json\/wp\/v2\/pages"}],"about":[{"href":"https:\/\/luxe-patrimoine.com\/fr\/wp-json\/wp\/v2\/types\/page"}],"author":[{"embeddable":true,"href":"https:\/\/luxe-patrimoine.com\/fr\/wp-json\/wp\/v2\/users\/16"}],"replies":[{"embeddable":true,"href":"https:\/\/luxe-patrimoine.com\/fr\/wp-json\/wp\/v2\/comments?post=1033"}],"version-history":[{"count":0,"href":"https:\/\/luxe-patrimoine.com\/fr\/wp-json\/wp\/v2\/pages\/1033\/revisions"}],"wp:attachment":[{"href":"https:\/\/luxe-patrimoine.com\/fr\/wp-json\/wp\/v2\/media?parent=1033"}],"curies":[{"name":"wp","href":"https:\/\/api.w.org\/{rel}","templated":true}]}}