{"id":308,"date":"2020-08-04T12:00:16","date_gmt":"2020-08-04T12:00:16","guid":{"rendered":"https:\/\/demo.crocoblock.com\/findero-new\/?page_id=308"},"modified":"2025-02-09T12:35:52","modified_gmt":"2025-02-09T12:35:52","slug":"agents","status":"publish","type":"page","link":"https:\/\/luxe-patrimoine.com\/fr\/agents\/","title":{"rendered":"Agents"},"content":{"rendered":"\t\t<div data-elementor-type=\"wp-page\" data-elementor-id=\"308\" class=\"elementor elementor-308\" data-elementor-post-type=\"page\">\n\t\t\t\t\t\t<section class=\"elementor-section elementor-top-section elementor-element elementor-element-e40d607 elementor-section-boxed elementor-section-height-default elementor-section-height-default\" data-id=\"e40d607\" data-element_type=\"section\" data-settings=\"{&quot;jet_parallax_layout_list&quot;:[{&quot;jet_parallax_layout_image&quot;:{&quot;url&quot;:&quot;&quot;,&quot;id&quot;:&quot;&quot;,&quot;size&quot;:&quot;&quot;},&quot;_id&quot;:&quot;d037268&quot;,&quot;jet_parallax_layout_image_tablet&quot;:{&quot;url&quot;:&quot;&quot;,&quot;id&quot;:&quot;&quot;,&quot;size&quot;:&quot;&quot;},&quot;jet_parallax_layout_image_mobile&quot;:{&quot;url&quot;:&quot;&quot;,&quot;id&quot;:&quot;&quot;,&quot;size&quot;:&quot;&quot;},&quot;jet_parallax_layout_speed&quot;:{&quot;unit&quot;:&quot;%&quot;,&quot;size&quot;:50,&quot;sizes&quot;:[]},&quot;jet_parallax_layout_type&quot;:&quot;scroll&quot;,&quot;jet_parallax_layout_direction&quot;:null,&quot;jet_parallax_layout_fx_direction&quot;:null,&quot;jet_parallax_layout_z_index&quot;:&quot;&quot;,&quot;jet_parallax_layout_bg_x&quot;:50,&quot;jet_parallax_layout_bg_x_tablet&quot;:&quot;&quot;,&quot;jet_parallax_layout_bg_x_mobile&quot;:&quot;&quot;,&quot;jet_parallax_layout_bg_y&quot;:50,&quot;jet_parallax_layout_bg_y_tablet&quot;:&quot;&quot;,&quot;jet_parallax_layout_bg_y_mobile&quot;:&quot;&quot;,&quot;jet_parallax_layout_bg_size&quot;:&quot;auto&quot;,&quot;jet_parallax_layout_bg_size_tablet&quot;:&quot;&quot;,&quot;jet_parallax_layout_bg_size_mobile&quot;:&quot;&quot;,&quot;jet_parallax_layout_animation_prop&quot;:&quot;transform&quot;,&quot;jet_parallax_layout_on&quot;:[&quot;desktop&quot;,&quot;tablet&quot;]}]}\">\n\t\t\t\t\t\t<div class=\"elementor-container elementor-column-gap-default\">\n\t\t\t\t\t<div class=\"elementor-column elementor-col-100 elementor-top-column elementor-element elementor-element-ef9c682\" data-id=\"ef9c682\" data-element_type=\"column\">\n\t\t\t<div class=\"elementor-widget-wrap elementor-element-populated\">\n\t\t\t\t\t\t<div class=\"elementor-element elementor-element-69adb67 elementor-widget elementor-widget-heading\" data-id=\"69adb67\" data-element_type=\"widget\" data-widget_type=\"heading.default\">\n\t\t\t\t<div class=\"elementor-widget-container\">\n\t\t\t\t\t<h2 class=\"elementor-heading-title elementor-size-default\">Trusted Real Estate Agents<\/h2>\t\t\t\t<\/div>\n\t\t\t\t<\/div>\n\t\t\t\t<div class=\"elementor-element elementor-element-ae3dd89 elementor-widget elementor-widget-jet-listing-grid\" data-id=\"ae3dd89\" data-element_type=\"widget\" data-settings=\"{&quot;columns&quot;:&quot;4&quot;,&quot;columns_tablet&quot;:&quot;3&quot;,&quot;columns_mobile&quot;:&quot;1&quot;}\" data-widget_type=\"jet-listing-grid.default\">\n\t\t\t\t<div class=\"elementor-widget-container\">\n\t\t\t\t\t<div class=\"jet-listing-grid jet-listing\"><div class=\"jet-listing-grid__items grid-col-desk-4 grid-col-tablet-3 grid-col-mobile-1 jet-listing-grid--299\" data-queried-id=\"308|WP_Post\" data-nav=\"{&quot;enabled&quot;:false,&quot;type&quot;:null,&quot;more_el&quot;:null,&quot;query&quot;:[],&quot;widget_settings&quot;:{&quot;lisitng_id&quot;:299,&quot;posts_num&quot;:8,&quot;columns&quot;:4,&quot;columns_tablet&quot;:3,&quot;columns_mobile&quot;:1,&quot;column_min_width&quot;:240,&quot;column_min_width_tablet&quot;:240,&quot;column_min_width_mobile&quot;:240,&quot;inline_columns_css&quot;:false,&quot;is_archive_template&quot;:&quot;&quot;,&quot;post_status&quot;:[&quot;publish&quot;],&quot;use_random_posts_num&quot;:&quot;&quot;,&quot;max_posts_num&quot;:9,&quot;not_found_message&quot;:&quot;No data was found&quot;,&quot;is_masonry&quot;:false,&quot;equal_columns_height&quot;:&quot;&quot;,&quot;use_load_more&quot;:&quot;&quot;,&quot;load_more_id&quot;:&quot;&quot;,&quot;load_more_type&quot;:&quot;click&quot;,&quot;load_more_offset&quot;:{&quot;unit&quot;:&quot;px&quot;,&quot;size&quot;:0,&quot;sizes&quot;:[]},&quot;use_custom_post_types&quot;:&quot;&quot;,&quot;custom_post_types&quot;:[],&quot;hide_widget_if&quot;:&quot;&quot;,&quot;carousel_enabled&quot;:&quot;&quot;,&quot;slides_to_scroll&quot;:&quot;1&quot;,&quot;arrows&quot;:&quot;true&quot;,&quot;arrow_icon&quot;:&quot;fa fa-angle-left&quot;,&quot;dots&quot;:&quot;&quot;,&quot;autoplay&quot;:&quot;true&quot;,&quot;pause_on_hover&quot;:&quot;true&quot;,&quot;autoplay_speed&quot;:5000,&quot;infinite&quot;:&quot;true&quot;,&quot;center_mode&quot;:&quot;&quot;,&quot;effect&quot;:&quot;slide&quot;,&quot;speed&quot;:500,&quot;inject_alternative_items&quot;:&quot;&quot;,&quot;injection_items&quot;:[],&quot;scroll_slider_enabled&quot;:&quot;&quot;,&quot;scroll_slider_on&quot;:[&quot;desktop&quot;,&quot;tablet&quot;,&quot;mobile&quot;],&quot;custom_query&quot;:&quot;yes&quot;,&quot;custom_query_id&quot;:&quot;16&quot;,&quot;_element_id&quot;:&quot;&quot;,&quot;collapse_first_last_gap&quot;:false,&quot;list_items_wrapper_tag&quot;:&quot;div&quot;,&quot;list_item_tag&quot;:&quot;div&quot;,&quot;empty_items_wrapper_tag&quot;:&quot;div&quot;}}\" data-page=\"1\" data-pages=\"1\" data-listing-source=\"query\" data-listing-id=\"299\" data-query-id=\"16\"><div class=\"jet-listing-grid__item jet-listing-dynamic-post-16\" data-post-id=\"16\" >\t\t<div data-elementor-type=\"jet-listing-items\" data-elementor-id=\"299\" class=\"elementor elementor-299\" data-elementor-post-type=\"jet-engine\">\n\t\t\t\t\t\t<section class=\"elementor-section elementor-top-section elementor-element elementor-element-9fc2a43 elementor-section-boxed elementor-section-height-default elementor-section-height-default\" data-id=\"9fc2a43\" data-element_type=\"section\" data-settings=\"{&quot;jet_parallax_layout_list&quot;:[{&quot;jet_parallax_layout_image&quot;:{&quot;url&quot;:&quot;&quot;,&quot;id&quot;:&quot;&quot;,&quot;size&quot;:&quot;&quot;},&quot;_id&quot;:&quot;adcc4d9&quot;,&quot;jet_parallax_layout_image_tablet&quot;:{&quot;url&quot;:&quot;&quot;,&quot;id&quot;:&quot;&quot;,&quot;size&quot;:&quot;&quot;},&quot;jet_parallax_layout_image_mobile&quot;:{&quot;url&quot;:&quot;&quot;,&quot;id&quot;:&quot;&quot;,&quot;size&quot;:&quot;&quot;},&quot;jet_parallax_layout_speed&quot;:{&quot;unit&quot;:&quot;%&quot;,&quot;size&quot;:50,&quot;sizes&quot;:[]},&quot;jet_parallax_layout_type&quot;:&quot;scroll&quot;,&quot;jet_parallax_layout_direction&quot;:null,&quot;jet_parallax_layout_fx_direction&quot;:null,&quot;jet_parallax_layout_z_index&quot;:&quot;&quot;,&quot;jet_parallax_layout_bg_x&quot;:50,&quot;jet_parallax_layout_bg_x_tablet&quot;:&quot;&quot;,&quot;jet_parallax_layout_bg_x_mobile&quot;:&quot;&quot;,&quot;jet_parallax_layout_bg_y&quot;:50,&quot;jet_parallax_layout_bg_y_tablet&quot;:&quot;&quot;,&quot;jet_parallax_layout_bg_y_mobile&quot;:&quot;&quot;,&quot;jet_parallax_layout_bg_size&quot;:&quot;auto&quot;,&quot;jet_parallax_layout_bg_size_tablet&quot;:&quot;&quot;,&quot;jet_parallax_layout_bg_size_mobile&quot;:&quot;&quot;,&quot;jet_parallax_layout_animation_prop&quot;:&quot;transform&quot;,&quot;jet_parallax_layout_on&quot;:[&quot;desktop&quot;,&quot;tablet&quot;]}]}\">\n\t\t\t\t\t\t<div class=\"elementor-container elementor-column-gap-no\">\n\t\t\t\t\t<div class=\"elementor-column elementor-col-100 elementor-top-column elementor-element elementor-element-488b904\" data-id=\"488b904\" data-element_type=\"column\">\n\t\t\t<div class=\"elementor-widget-wrap elementor-element-populated\">\n\t\t\t\t\t\t<div class=\"elementor-element elementor-element-39d6f7b elementor-widget elementor-widget-jet-listing-dynamic-image\" data-id=\"39d6f7b\" data-element_type=\"widget\" data-widget_type=\"jet-listing-dynamic-image.default\">\n\t\t\t\t<div class=\"elementor-widget-container\">\n\t\t\t\t\t<div class=\"jet-listing jet-listing-dynamic-image\"><a href=\"https:\/\/luxe-patrimoine.com\/fr\/single-agent\/luxe-patrimoine\/agent-page\/\" class=\"jet-listing-dynamic-image__link\"><\/a><\/div>\t\t\t\t<\/div>\n\t\t\t\t<\/div>\n\t\t\t\t<div class=\"elementor-element elementor-element-aa2d5cc elementor-widget elementor-widget-jet-listing-dynamic-link\" data-id=\"aa2d5cc\" data-element_type=\"widget\" data-widget_type=\"jet-listing-dynamic-link.default\">\n\t\t\t\t<div class=\"elementor-widget-container\">\n\t\t\t\t\t<div class=\"jet-listing jet-listing-dynamic-link\"><a href=\"https:\/\/luxe-patrimoine.com\/fr\/single-agent\/luxe-patrimoine\/agent-page\/\" class=\"jet-listing-dynamic-link__link\"><span class=\"jet-listing-dynamic-link__label\">Luxe Patrimoine<\/span><\/a><\/div>\t\t\t\t<\/div>\n\t\t\t\t<\/div>\n\t\t\t\t<div class=\"elementor-element elementor-element-45900bd elementor-widget elementor-widget-jet-listing-dynamic-field\" data-id=\"45900bd\" data-element_type=\"widget\" data-widget_type=\"jet-listing-dynamic-field.default\">\n\t\t\t\t<div class=\"elementor-widget-container\">\n\t\t\t\t\t<div class=\"jet-listing jet-listing-dynamic-field display-inline\"><div class=\"jet-listing-dynamic-field__inline-wrap\"><div class=\"jet-listing-dynamic-field__content\">CEO<\/div><\/div><\/div>\t\t\t\t<\/div>\n\t\t\t\t<\/div>\n\t\t\t\t<div class=\"elementor-element elementor-element-3307d08 elementor-widget elementor-widget-jet-listing-dynamic-repeater\" data-id=\"3307d08\" data-element_type=\"widget\" data-widget_type=\"jet-listing-dynamic-repeater.default\">\n\t\t\t\t<div class=\"elementor-widget-container\">\n\t\t\t\t\t<div class=\"jet-listing jet-listing-dynamic-repeater\"><\/div>\t\t\t\t<\/div>\n\t\t\t\t<\/div>\n\t\t\t\t\t<\/div>\n\t\t<\/div>\n\t\t\t\t\t<\/div>\n\t\t<\/section>\n\t\t\t\t<\/div>\n\t\t<\/div><\/div><\/div>\t\t\t\t<\/div>\n\t\t\t\t<\/div>\n\t\t\t\t<div class=\"elementor-element elementor-element-0c9c5c5 elementor-widget elementor-widget-jet-smart-filters-pagination\" data-id=\"0c9c5c5\" data-element_type=\"widget\" data-widget_type=\"jet-smart-filters-pagination.default\">\n\t\t\t\t<div class=\"elementor-widget-container\">\n\t\t\t\t\t<div\n\t\t\t\tclass=\"jet-smart-filters-pagination jet-filter\"\n\t\t\t\tdata-apply-provider=\"jet-engine\"\n\t\t\t\tdata-content-provider=\"jet-engine\"\n\t\t\t\tdata-query-id=\"default\"\n\t\t\t\tdata-controls=\"{&quot;items_enabled&quot;:true,&quot;pages_mid_size&quot;:2,&quot;pages_end_size&quot;:0,&quot;nav_enabled&quot;:true,&quot;prev&quot;:&quot;&amp;lsaquo;&quot;,&quot;next&quot;:&quot;&amp;rsaquo;&quot;,&quot;hide_inactive_nav&quot;:true,&quot;load_more_enabled&quot;:false,&quot;provider_top_offset&quot;:0}\"\n\t\t\t\tdata-apply-type=\"ajax\"\n\t\t\t><\/div>\t\t\t\t<\/div>\n\t\t\t\t<\/div>\n\t\t\t\t\t<\/div>\n\t\t<\/div>\n\t\t\t\t\t<\/div>\n\t\t<\/section>\n\t\t\t\t<\/div>\n\t\t","protected":false},"excerpt":{"rendered":"<p>Trusted Real Estate Agents Manager Real Estate Agent Real Estate Agent Real Estate Agent Real Estate Agent Real Estate Agent [&hellip;]<\/p>\n","protected":false},"author":16,"featured_media":0,"parent":0,"menu_order":0,"comment_status":"closed","ping_status":"closed","template":"elementor_header_footer","meta":{"_monsterinsights_skip_tracking":false,"_monsterinsights_sitenote_active":false,"_monsterinsights_sitenote_note":"","_monsterinsights_sitenote_category":0,"site-sidebar-layout":"default","site-content-layout":"","ast-site-content-layout":"","site-content-style":"default","site-sidebar-style":"default","ast-global-header-display":"","ast-banner-title-visibility":"","ast-main-header-display":"","ast-hfb-above-header-display":"","ast-hfb-below-header-display":"","ast-hfb-mobile-header-display":"","site-post-title":"","ast-breadcrumbs-content":"","ast-featured-img":"","footer-sml-layout":"","theme-transparent-header-meta":"","adv-header-id-meta":"","stick-header-meta":"","header-above-stick-meta":"","header-main-stick-meta":"","header-below-stick-meta":"","astra-migrate-meta-layouts":"default","ast-page-background-enabled":"default","ast-page-background-meta":{"desktop":{"background-color":"var(--ast-global-color-5)","background-image":"","background-repeat":"repeat","background-position":"center center","background-size":"auto","background-attachment":"scroll","background-type":"","background-media":"","overlay-type":"","overlay-color":"","overlay-opacity":"","overlay-gradient":""},"tablet":{"background-color":"","background-image":"","background-repeat":"repeat","background-position":"center center","background-size":"auto","background-attachment":"scroll","background-type":"","background-media":"","overlay-type":"","overlay-color":"","overlay-opacity":"","overlay-gradient":""},"mobile":{"background-color":"","background-image":"","background-repeat":"repeat","background-position":"center center","background-size":"auto","background-attachment":"scroll","background-type":"","background-media":"","overlay-type":"","overlay-color":"","overlay-opacity":"","overlay-gradient":""}},"ast-content-background-meta":{"desktop":{"background-color":"var(--ast-global-color-4)","background-image":"","background-repeat":"repeat","background-position":"center center","background-size":"auto","background-attachment":"scroll","background-type":"","background-media":"","overlay-type":"","overlay-color":"","overlay-opacity":"","overlay-gradient":""},"tablet":{"background-color":"var(--ast-global-color-4)","background-image":"","background-repeat":"repeat","background-position":"center center","background-size":"auto","background-attachment":"scroll","background-type":"","background-media":"","overlay-type":"","overlay-color":"","overlay-opacity":"","overlay-gradient":""},"mobile":{"background-color":"var(--ast-global-color-4)","background-image":"","background-repeat":"repeat","background-position":"center center","background-size":"auto","background-attachment":"scroll","background-type":"","background-media":"","overlay-type":"","overlay-color":"","overlay-opacity":"","overlay-gradient":""}},"footnotes":""},"class_list":["post-308","page","type-page","status-publish","hentry"],"yoast_head":"<!-- This site is optimized with the Yoast SEO plugin v25.4 - https:\/\/yoast.com\/wordpress\/plugins\/seo\/ -->\n<title>Agents - Agence Immobili\u00e8re Fran\u00e7aise \u00e0 Dubai - Luxe &amp; Patrimoine<\/title>\n<meta name=\"robots\" content=\"index, follow, max-snippet:-1, max-image-preview:large, max-video-preview:-1\" \/>\n<link rel=\"canonical\" href=\"https:\/\/luxe-patrimoine.com\/agents\/\" \/>\n<meta property=\"og:locale\" content=\"fr_FR\" \/>\n<meta property=\"og:type\" content=\"article\" \/>\n<meta property=\"og:title\" content=\"Agents - Agence Immobili\u00e8re Fran\u00e7aise \u00e0 Dubai - Luxe &amp; Patrimoine\" \/>\n<meta property=\"og:description\" content=\"Trusted Real Estate Agents Manager Real Estate Agent Real Estate Agent Real Estate Agent Real Estate Agent Real Estate Agent [&hellip;]\" \/>\n<meta property=\"og:url\" content=\"https:\/\/luxe-patrimoine.com\/agents\/\" \/>\n<meta property=\"og:site_name\" content=\"Agence Immobili\u00e8re Fran\u00e7aise \u00e0 Dubai - Luxe &amp; Patrimoine\" \/>\n<meta property=\"article:publisher\" content=\"https:\/\/web.facebook.com\/profile.php?id=61573118061878\" \/>\n<meta property=\"article:modified_time\" content=\"2025-02-09T12:35:52+00:00\" \/>\n<meta property=\"og:image\" content=\"https:\/\/luxe-patrimoine.com\/wp-content\/uploads\/2020\/09\/person-04.jpg\" \/>\n<meta name=\"twitter:card\" content=\"summary_large_image\" \/>\n<meta name=\"twitter:site\" content=\"@LuxePatrimoine\" \/>\n<script type=\"application\/ld+json\" class=\"yoast-schema-graph\">{\"@context\":\"https:\/\/schema.org\",\"@graph\":[{\"@type\":\"WebPage\",\"@id\":\"https:\/\/luxe-patrimoine.com\/agents\/\",\"url\":\"https:\/\/luxe-patrimoine.com\/agents\/\",\"name\":\"Agents - Agence Immobili\u00e8re Fran\u00e7aise \u00e0 Dubai - Luxe &amp; Patrimoine\",\"isPartOf\":{\"@id\":\"https:\/\/luxe-patrimoine.com\/#website\"},\"primaryImageOfPage\":{\"@id\":\"https:\/\/luxe-patrimoine.com\/agents\/#primaryimage\"},\"image\":{\"@id\":\"https:\/\/luxe-patrimoine.com\/agents\/#primaryimage\"},\"thumbnailUrl\":\"https:\/\/luxe-patrimoine.com\/wp-content\/uploads\/2020\/09\/person-04.jpg\",\"datePublished\":\"2020-08-04T12:00:16+00:00\",\"dateModified\":\"2025-02-09T12:35:52+00:00\",\"breadcrumb\":{\"@id\":\"https:\/\/luxe-patrimoine.com\/agents\/#breadcrumb\"},\"inLanguage\":\"fr-FR\",\"potentialAction\":[{\"@type\":\"ReadAction\",\"target\":[\"https:\/\/luxe-patrimoine.com\/agents\/\"]}]},{\"@type\":\"ImageObject\",\"inLanguage\":\"fr-FR\",\"@id\":\"https:\/\/luxe-patrimoine.com\/agents\/#primaryimage\",\"url\":\"https:\/\/luxe-patrimoine.com\/wp-content\/uploads\/2020\/09\/person-04.jpg\",\"contentUrl\":\"https:\/\/luxe-patrimoine.com\/wp-content\/uploads\/2020\/09\/person-04.jpg\"},{\"@type\":\"BreadcrumbList\",\"@id\":\"https:\/\/luxe-patrimoine.com\/agents\/#breadcrumb\",\"itemListElement\":[{\"@type\":\"ListItem\",\"position\":1,\"name\":\"Home\",\"item\":\"https:\/\/luxe-patrimoine.com\/\"},{\"@type\":\"ListItem\",\"position\":2,\"name\":\"Agents\"}]},{\"@type\":\"WebSite\",\"@id\":\"https:\/\/luxe-patrimoine.com\/#website\",\"url\":\"https:\/\/luxe-patrimoine.com\/\",\"name\":\"Luxe & Patrimoine - Agence Immobili\u00e8re Fran\u00e7aise \u00e0 Dubai\",\"description\":\"\",\"publisher\":{\"@id\":\"https:\/\/luxe-patrimoine.com\/#organization\"},\"potentialAction\":[{\"@type\":\"SearchAction\",\"target\":{\"@type\":\"EntryPoint\",\"urlTemplate\":\"https:\/\/luxe-patrimoine.com\/?s={search_term_string}\"},\"query-input\":{\"@type\":\"PropertyValueSpecification\",\"valueRequired\":true,\"valueName\":\"search_term_string\"}}],\"inLanguage\":\"fr-FR\"},{\"@type\":\"Organization\",\"@id\":\"https:\/\/luxe-patrimoine.com\/#organization\",\"name\":\"Luxe & Patrimoine\",\"url\":\"https:\/\/luxe-patrimoine.com\/\",\"logo\":{\"@type\":\"ImageObject\",\"inLanguage\":\"fr-FR\",\"@id\":\"https:\/\/luxe-patrimoine.com\/#\/schema\/logo\/image\/\",\"url\":\"https:\/\/luxe-patrimoine.com\/wp-content\/uploads\/2020\/09\/Luxe-Patrimoine-Logo.png\",\"contentUrl\":\"https:\/\/luxe-patrimoine.com\/wp-content\/uploads\/2020\/09\/Luxe-Patrimoine-Logo.png\",\"width\":1179,\"height\":1108,\"caption\":\"Luxe & Patrimoine\"},\"image\":{\"@id\":\"https:\/\/luxe-patrimoine.com\/#\/schema\/logo\/image\/\"},\"sameAs\":[\"https:\/\/web.facebook.com\/profile.php?id=61573118061878\",\"https:\/\/x.com\/LuxePatrimoine\",\"https:\/\/www.instagram.com\/luxe_patrimoine\/\",\"https:\/\/www.youtube.com\/@LuxePatrimoine\",\"https:\/\/www.linkedin.com\/in\/luxe-patrimoine-124b5a348\/\"]}]}<\/script>\n<!-- \/ Yoast SEO plugin. -->","yoast_head_json":{"title":"Agents - Agence Immobili\u00e8re Fran\u00e7aise \u00e0 Dubai - Luxe &amp; Patrimoine","robots":{"index":"index","follow":"follow","max-snippet":"max-snippet:-1","max-image-preview":"max-image-preview:large","max-video-preview":"max-video-preview:-1"},"canonical":"https:\/\/luxe-patrimoine.com\/agents\/","og_locale":"fr_FR","og_type":"article","og_title":"Agents - Agence Immobili\u00e8re Fran\u00e7aise \u00e0 Dubai - Luxe &amp; Patrimoine","og_description":"Trusted Real Estate Agents Manager Real Estate Agent Real Estate Agent Real Estate Agent Real Estate Agent Real Estate Agent [&hellip;]","og_url":"https:\/\/luxe-patrimoine.com\/agents\/","og_site_name":"Agence Immobili\u00e8re Fran\u00e7aise \u00e0 Dubai - Luxe &amp; Patrimoine","article_publisher":"https:\/\/web.facebook.com\/profile.php?id=61573118061878","article_modified_time":"2025-02-09T12:35:52+00:00","og_image":[{"url":"https:\/\/luxe-patrimoine.com\/wp-content\/uploads\/2020\/09\/person-04.jpg","type":"","width":"","height":""}],"twitter_card":"summary_large_image","twitter_site":"@LuxePatrimoine","schema":{"@context":"https:\/\/schema.org","@graph":[{"@type":"WebPage","@id":"https:\/\/luxe-patrimoine.com\/agents\/","url":"https:\/\/luxe-patrimoine.com\/agents\/","name":"Agents - Agence Immobili\u00e8re Fran\u00e7aise \u00e0 Dubai - Luxe &amp; Patrimoine","isPartOf":{"@id":"https:\/\/luxe-patrimoine.com\/#website"},"primaryImageOfPage":{"@id":"https:\/\/luxe-patrimoine.com\/agents\/#primaryimage"},"image":{"@id":"https:\/\/luxe-patrimoine.com\/agents\/#primaryimage"},"thumbnailUrl":"https:\/\/luxe-patrimoine.com\/wp-content\/uploads\/2020\/09\/person-04.jpg","datePublished":"2020-08-04T12:00:16+00:00","dateModified":"2025-02-09T12:35:52+00:00","breadcrumb":{"@id":"https:\/\/luxe-patrimoine.com\/agents\/#breadcrumb"},"inLanguage":"fr-FR","potentialAction":[{"@type":"ReadAction","target":["https:\/\/luxe-patrimoine.com\/agents\/"]}]},{"@type":"ImageObject","inLanguage":"fr-FR","@id":"https:\/\/luxe-patrimoine.com\/agents\/#primaryimage","url":"https:\/\/luxe-patrimoine.com\/wp-content\/uploads\/2020\/09\/person-04.jpg","contentUrl":"https:\/\/luxe-patrimoine.com\/wp-content\/uploads\/2020\/09\/person-04.jpg"},{"@type":"BreadcrumbList","@id":"https:\/\/luxe-patrimoine.com\/agents\/#breadcrumb","itemListElement":[{"@type":"ListItem","position":1,"name":"Home","item":"https:\/\/luxe-patrimoine.com\/"},{"@type":"ListItem","position":2,"name":"Agents"}]},{"@type":"WebSite","@id":"https:\/\/luxe-patrimoine.com\/#website","url":"https:\/\/luxe-patrimoine.com\/","name":"Luxe & Patrimoine - Agence Immobili\u00e8re Fran\u00e7aise \u00e0 Dubai","description":"","publisher":{"@id":"https:\/\/luxe-patrimoine.com\/#organization"},"potentialAction":[{"@type":"SearchAction","target":{"@type":"EntryPoint","urlTemplate":"https:\/\/luxe-patrimoine.com\/?s={search_term_string}"},"query-input":{"@type":"PropertyValueSpecification","valueRequired":true,"valueName":"search_term_string"}}],"inLanguage":"fr-FR"},{"@type":"Organization","@id":"https:\/\/luxe-patrimoine.com\/#organization","name":"Luxe & Patrimoine","url":"https:\/\/luxe-patrimoine.com\/","logo":{"@type":"ImageObject","inLanguage":"fr-FR","@id":"https:\/\/luxe-patrimoine.com\/#\/schema\/logo\/image\/","url":"https:\/\/luxe-patrimoine.com\/wp-content\/uploads\/2020\/09\/Luxe-Patrimoine-Logo.png","contentUrl":"https:\/\/luxe-patrimoine.com\/wp-content\/uploads\/2020\/09\/Luxe-Patrimoine-Logo.png","width":1179,"height":1108,"caption":"Luxe & Patrimoine"},"image":{"@id":"https:\/\/luxe-patrimoine.com\/#\/schema\/logo\/image\/"},"sameAs":["https:\/\/web.facebook.com\/profile.php?id=61573118061878","https:\/\/x.com\/LuxePatrimoine","https:\/\/www.instagram.com\/luxe_patrimoine\/","https:\/\/www.youtube.com\/@LuxePatrimoine","https:\/\/www.linkedin.com\/in\/luxe-patrimoine-124b5a348\/"]}]}},"_links":{"self":[{"href":"https:\/\/luxe-patrimoine.com\/fr\/wp-json\/wp\/v2\/pages\/308","targetHints":{"allow":["GET"]}}],"collection":[{"href":"https:\/\/luxe-patrimoine.com\/fr\/wp-json\/wp\/v2\/pages"}],"about":[{"href":"https:\/\/luxe-patrimoine.com\/fr\/wp-json\/wp\/v2\/types\/page"}],"author":[{"embeddable":true,"href":"https:\/\/luxe-patrimoine.com\/fr\/wp-json\/wp\/v2\/users\/16"}],"replies":[{"embeddable":true,"href":"https:\/\/luxe-patrimoine.com\/fr\/wp-json\/wp\/v2\/comments?post=308"}],"version-history":[{"count":0,"href":"https:\/\/luxe-patrimoine.com\/fr\/wp-json\/wp\/v2\/pages\/308\/revisions"}],"wp:attachment":[{"href":"https:\/\/luxe-patrimoine.com\/fr\/wp-json\/wp\/v2\/media?parent=308"}],"curies":[{"name":"wp","href":"https:\/\/api.w.org\/{rel}","templated":true}]}}