{"id":583,"date":"2020-08-07T12:51:29","date_gmt":"2020-08-07T12:51:29","guid":{"rendered":"https:\/\/demo.crocoblock.com\/findero-new\/?page_id=583"},"modified":"2020-08-07T12:51:29","modified_gmt":"2020-08-07T12:51:29","slug":"single-agent","status":"publish","type":"page","link":"https:\/\/luxe-patrimoine.com\/fr\/single-agent\/","title":{"rendered":"Single Agent"},"content":{"rendered":"\t\t<div data-elementor-type=\"wp-page\" data-elementor-id=\"583\" class=\"elementor elementor-583\" data-elementor-post-type=\"page\">\n\t\t\t\t\t\t<section class=\"elementor-section elementor-top-section elementor-element elementor-element-827d0df elementor-section-full_width elementor-section-height-default elementor-section-height-default\" data-id=\"827d0df\" data-element_type=\"section\" data-settings=\"{&quot;jet_parallax_layout_list&quot;:[{&quot;jet_parallax_layout_image&quot;:{&quot;url&quot;:&quot;&quot;,&quot;id&quot;:&quot;&quot;,&quot;size&quot;:&quot;&quot;},&quot;_id&quot;:&quot;7c035e6&quot;,&quot;jet_parallax_layout_image_tablet&quot;:{&quot;url&quot;:&quot;&quot;,&quot;id&quot;:&quot;&quot;,&quot;size&quot;:&quot;&quot;},&quot;jet_parallax_layout_image_mobile&quot;:{&quot;url&quot;:&quot;&quot;,&quot;id&quot;:&quot;&quot;,&quot;size&quot;:&quot;&quot;},&quot;jet_parallax_layout_speed&quot;:{&quot;unit&quot;:&quot;%&quot;,&quot;size&quot;:50,&quot;sizes&quot;:[]},&quot;jet_parallax_layout_type&quot;:&quot;scroll&quot;,&quot;jet_parallax_layout_direction&quot;:null,&quot;jet_parallax_layout_fx_direction&quot;:null,&quot;jet_parallax_layout_z_index&quot;:&quot;&quot;,&quot;jet_parallax_layout_bg_x&quot;:50,&quot;jet_parallax_layout_bg_x_tablet&quot;:&quot;&quot;,&quot;jet_parallax_layout_bg_x_mobile&quot;:&quot;&quot;,&quot;jet_parallax_layout_bg_y&quot;:50,&quot;jet_parallax_layout_bg_y_tablet&quot;:&quot;&quot;,&quot;jet_parallax_layout_bg_y_mobile&quot;:&quot;&quot;,&quot;jet_parallax_layout_bg_size&quot;:&quot;auto&quot;,&quot;jet_parallax_layout_bg_size_tablet&quot;:&quot;&quot;,&quot;jet_parallax_layout_bg_size_mobile&quot;:&quot;&quot;,&quot;jet_parallax_layout_animation_prop&quot;:&quot;transform&quot;,&quot;jet_parallax_layout_on&quot;:[&quot;desktop&quot;,&quot;tablet&quot;]}]}\">\n\t\t\t\t\t\t<div class=\"elementor-container elementor-column-gap-no\">\n\t\t\t\t\t<div class=\"elementor-column elementor-col-100 elementor-top-column elementor-element elementor-element-c756571\" data-id=\"c756571\" data-element_type=\"column\">\n\t\t\t<div class=\"elementor-widget-wrap elementor-element-populated\">\n\t\t\t\t\t\t\t<\/div>\n\t\t<\/div>\n\t\t\t\t\t<\/div>\n\t\t<\/section>\n\t\t\t\t<\/div>\n\t\t","protected":false},"excerpt":{"rendered":"","protected":false},"author":16,"featured_media":0,"parent":0,"menu_order":0,"comment_status":"closed","ping_status":"closed","template":"elementor_header_footer","meta":{"_monsterinsights_skip_tracking":false,"_monsterinsights_sitenote_active":false,"_monsterinsights_sitenote_note":"","_monsterinsights_sitenote_category":0,"site-sidebar-layout":"default","site-content-layout":"","ast-site-content-layout":"","site-content-style":"default","site-sidebar-style":"default","ast-global-header-display":"","ast-banner-title-visibility":"","ast-main-header-display":"","ast-hfb-above-header-display":"","ast-hfb-below-header-display":"","ast-hfb-mobile-header-display":"","site-post-title":"","ast-breadcrumbs-content":"","ast-featured-img":"","footer-sml-layout":"","theme-transparent-header-meta":"","adv-header-id-meta":"","stick-header-meta":"","header-above-stick-meta":"","header-main-stick-meta":"","header-below-stick-meta":"","astra-migrate-meta-layouts":"default","ast-page-background-enabled":"default","ast-page-background-meta":{"desktop":{"background-color":"var(--ast-global-color-5)","background-image":"","background-repeat":"repeat","background-position":"center center","background-size":"auto","background-attachment":"scroll","background-type":"","background-media":"","overlay-type":"","overlay-color":"","overlay-opacity":"","overlay-gradient":""},"tablet":{"background-color":"","background-image":"","background-repeat":"repeat","background-position":"center center","background-size":"auto","background-attachment":"scroll","background-type":"","background-media":"","overlay-type":"","overlay-color":"","overlay-opacity":"","overlay-gradient":""},"mobile":{"background-color":"","background-image":"","background-repeat":"repeat","background-position":"center center","background-size":"auto","background-attachment":"scroll","background-type":"","background-media":"","overlay-type":"","overlay-color":"","overlay-opacity":"","overlay-gradient":""}},"ast-content-background-meta":{"desktop":{"background-color":"var(--ast-global-color-4)","background-image":"","background-repeat":"repeat","background-position":"center center","background-size":"auto","background-attachment":"scroll","background-type":"","background-media":"","overlay-type":"","overlay-color":"","overlay-opacity":"","overlay-gradient":""},"tablet":{"background-color":"var(--ast-global-color-4)","background-image":"","background-repeat":"repeat","background-position":"center center","background-size":"auto","background-attachment":"scroll","background-type":"","background-media":"","overlay-type":"","overlay-color":"","overlay-opacity":"","overlay-gradient":""},"mobile":{"background-color":"var(--ast-global-color-4)","background-image":"","background-repeat":"repeat","background-position":"center center","background-size":"auto","background-attachment":"scroll","background-type":"","background-media":"","overlay-type":"","overlay-color":"","overlay-opacity":"","overlay-gradient":""}},"footnotes":""},"class_list":["post-583","page","type-page","status-publish","hentry"],"yoast_head":"<!-- This site is optimized with the Yoast SEO plugin v25.4 - https:\/\/yoast.com\/wordpress\/plugins\/seo\/ -->\n<title>Single Agent - Agence Immobili\u00e8re Fran\u00e7aise \u00e0 Dubai - Luxe &amp; Patrimoine<\/title>\n<meta name=\"robots\" content=\"index, follow, max-snippet:-1, max-image-preview:large, max-video-preview:-1\" \/>\n<link rel=\"canonical\" href=\"https:\/\/luxe-patrimoine.com\/single-agent\/\" \/>\n<meta property=\"og:locale\" content=\"fr_FR\" \/>\n<meta property=\"og:type\" content=\"article\" \/>\n<meta property=\"og:title\" content=\"Single Agent - Agence Immobili\u00e8re Fran\u00e7aise \u00e0 Dubai - Luxe &amp; Patrimoine\" \/>\n<meta property=\"og:url\" content=\"https:\/\/luxe-patrimoine.com\/single-agent\/\" \/>\n<meta property=\"og:site_name\" content=\"Agence Immobili\u00e8re Fran\u00e7aise \u00e0 Dubai - Luxe &amp; Patrimoine\" \/>\n<meta property=\"article:publisher\" content=\"https:\/\/web.facebook.com\/profile.php?id=61573118061878\" \/>\n<meta name=\"twitter:card\" content=\"summary_large_image\" \/>\n<meta name=\"twitter:site\" content=\"@LuxePatrimoine\" \/>\n<script type=\"application\/ld+json\" class=\"yoast-schema-graph\">{\"@context\":\"https:\/\/schema.org\",\"@graph\":[{\"@type\":\"WebPage\",\"@id\":\"https:\/\/luxe-patrimoine.com\/single-agent\/\",\"url\":\"https:\/\/luxe-patrimoine.com\/single-agent\/\",\"name\":\"Single Agent - Agence Immobili\u00e8re Fran\u00e7aise \u00e0 Dubai - Luxe &amp; Patrimoine\",\"isPartOf\":{\"@id\":\"https:\/\/luxe-patrimoine.com\/#website\"},\"datePublished\":\"2020-08-07T12:51:29+00:00\",\"breadcrumb\":{\"@id\":\"https:\/\/luxe-patrimoine.com\/single-agent\/#breadcrumb\"},\"inLanguage\":\"fr-FR\",\"potentialAction\":[{\"@type\":\"ReadAction\",\"target\":[\"https:\/\/luxe-patrimoine.com\/single-agent\/\"]}]},{\"@type\":\"BreadcrumbList\",\"@id\":\"https:\/\/luxe-patrimoine.com\/single-agent\/#breadcrumb\",\"itemListElement\":[{\"@type\":\"ListItem\",\"position\":1,\"name\":\"Home\",\"item\":\"https:\/\/luxe-patrimoine.com\/\"},{\"@type\":\"ListItem\",\"position\":2,\"name\":\"Single Agent\"}]},{\"@type\":\"WebSite\",\"@id\":\"https:\/\/luxe-patrimoine.com\/#website\",\"url\":\"https:\/\/luxe-patrimoine.com\/\",\"name\":\"Luxe & Patrimoine - Agence Immobili\u00e8re Fran\u00e7aise \u00e0 Dubai\",\"description\":\"\",\"publisher\":{\"@id\":\"https:\/\/luxe-patrimoine.com\/#organization\"},\"potentialAction\":[{\"@type\":\"SearchAction\",\"target\":{\"@type\":\"EntryPoint\",\"urlTemplate\":\"https:\/\/luxe-patrimoine.com\/?s={search_term_string}\"},\"query-input\":{\"@type\":\"PropertyValueSpecification\",\"valueRequired\":true,\"valueName\":\"search_term_string\"}}],\"inLanguage\":\"fr-FR\"},{\"@type\":\"Organization\",\"@id\":\"https:\/\/luxe-patrimoine.com\/#organization\",\"name\":\"Luxe & Patrimoine\",\"url\":\"https:\/\/luxe-patrimoine.com\/\",\"logo\":{\"@type\":\"ImageObject\",\"inLanguage\":\"fr-FR\",\"@id\":\"https:\/\/luxe-patrimoine.com\/#\/schema\/logo\/image\/\",\"url\":\"https:\/\/luxe-patrimoine.com\/wp-content\/uploads\/2020\/09\/Luxe-Patrimoine-Logo.png\",\"contentUrl\":\"https:\/\/luxe-patrimoine.com\/wp-content\/uploads\/2020\/09\/Luxe-Patrimoine-Logo.png\",\"width\":1179,\"height\":1108,\"caption\":\"Luxe & Patrimoine\"},\"image\":{\"@id\":\"https:\/\/luxe-patrimoine.com\/#\/schema\/logo\/image\/\"},\"sameAs\":[\"https:\/\/web.facebook.com\/profile.php?id=61573118061878\",\"https:\/\/x.com\/LuxePatrimoine\",\"https:\/\/www.instagram.com\/luxe_patrimoine\/\",\"https:\/\/www.youtube.com\/@LuxePatrimoine\",\"https:\/\/www.linkedin.com\/in\/luxe-patrimoine-124b5a348\/\"]}]}<\/script>\n<!-- \/ Yoast SEO plugin. -->","yoast_head_json":{"title":"Single Agent - Agence Immobili\u00e8re Fran\u00e7aise \u00e0 Dubai - Luxe &amp; Patrimoine","robots":{"index":"index","follow":"follow","max-snippet":"max-snippet:-1","max-image-preview":"max-image-preview:large","max-video-preview":"max-video-preview:-1"},"canonical":"https:\/\/luxe-patrimoine.com\/single-agent\/","og_locale":"fr_FR","og_type":"article","og_title":"Single Agent - Agence Immobili\u00e8re Fran\u00e7aise \u00e0 Dubai - Luxe &amp; Patrimoine","og_url":"https:\/\/luxe-patrimoine.com\/single-agent\/","og_site_name":"Agence Immobili\u00e8re Fran\u00e7aise \u00e0 Dubai - Luxe &amp; Patrimoine","article_publisher":"https:\/\/web.facebook.com\/profile.php?id=61573118061878","twitter_card":"summary_large_image","twitter_site":"@LuxePatrimoine","schema":{"@context":"https:\/\/schema.org","@graph":[{"@type":"WebPage","@id":"https:\/\/luxe-patrimoine.com\/single-agent\/","url":"https:\/\/luxe-patrimoine.com\/single-agent\/","name":"Single Agent - Agence Immobili\u00e8re Fran\u00e7aise \u00e0 Dubai - Luxe &amp; Patrimoine","isPartOf":{"@id":"https:\/\/luxe-patrimoine.com\/#website"},"datePublished":"2020-08-07T12:51:29+00:00","breadcrumb":{"@id":"https:\/\/luxe-patrimoine.com\/single-agent\/#breadcrumb"},"inLanguage":"fr-FR","potentialAction":[{"@type":"ReadAction","target":["https:\/\/luxe-patrimoine.com\/single-agent\/"]}]},{"@type":"BreadcrumbList","@id":"https:\/\/luxe-patrimoine.com\/single-agent\/#breadcrumb","itemListElement":[{"@type":"ListItem","position":1,"name":"Home","item":"https:\/\/luxe-patrimoine.com\/"},{"@type":"ListItem","position":2,"name":"Single Agent"}]},{"@type":"WebSite","@id":"https:\/\/luxe-patrimoine.com\/#website","url":"https:\/\/luxe-patrimoine.com\/","name":"Luxe & Patrimoine - Agence Immobili\u00e8re Fran\u00e7aise \u00e0 Dubai","description":"","publisher":{"@id":"https:\/\/luxe-patrimoine.com\/#organization"},"potentialAction":[{"@type":"SearchAction","target":{"@type":"EntryPoint","urlTemplate":"https:\/\/luxe-patrimoine.com\/?s={search_term_string}"},"query-input":{"@type":"PropertyValueSpecification","valueRequired":true,"valueName":"search_term_string"}}],"inLanguage":"fr-FR"},{"@type":"Organization","@id":"https:\/\/luxe-patrimoine.com\/#organization","name":"Luxe & Patrimoine","url":"https:\/\/luxe-patrimoine.com\/","logo":{"@type":"ImageObject","inLanguage":"fr-FR","@id":"https:\/\/luxe-patrimoine.com\/#\/schema\/logo\/image\/","url":"https:\/\/luxe-patrimoine.com\/wp-content\/uploads\/2020\/09\/Luxe-Patrimoine-Logo.png","contentUrl":"https:\/\/luxe-patrimoine.com\/wp-content\/uploads\/2020\/09\/Luxe-Patrimoine-Logo.png","width":1179,"height":1108,"caption":"Luxe & Patrimoine"},"image":{"@id":"https:\/\/luxe-patrimoine.com\/#\/schema\/logo\/image\/"},"sameAs":["https:\/\/web.facebook.com\/profile.php?id=61573118061878","https:\/\/x.com\/LuxePatrimoine","https:\/\/www.instagram.com\/luxe_patrimoine\/","https:\/\/www.youtube.com\/@LuxePatrimoine","https:\/\/www.linkedin.com\/in\/luxe-patrimoine-124b5a348\/"]}]}},"_links":{"self":[{"href":"https:\/\/luxe-patrimoine.com\/fr\/wp-json\/wp\/v2\/pages\/583","targetHints":{"allow":["GET"]}}],"collection":[{"href":"https:\/\/luxe-patrimoine.com\/fr\/wp-json\/wp\/v2\/pages"}],"about":[{"href":"https:\/\/luxe-patrimoine.com\/fr\/wp-json\/wp\/v2\/types\/page"}],"author":[{"embeddable":true,"href":"https:\/\/luxe-patrimoine.com\/fr\/wp-json\/wp\/v2\/users\/16"}],"replies":[{"embeddable":true,"href":"https:\/\/luxe-patrimoine.com\/fr\/wp-json\/wp\/v2\/comments?post=583"}],"version-history":[{"count":0,"href":"https:\/\/luxe-patrimoine.com\/fr\/wp-json\/wp\/v2\/pages\/583\/revisions"}],"wp:attachment":[{"href":"https:\/\/luxe-patrimoine.com\/fr\/wp-json\/wp\/v2\/media?parent=583"}],"curies":[{"name":"wp","href":"https:\/\/api.w.org\/{rel}","templated":true}]}}