{"id":6087,"date":"2025-06-24T06:40:28","date_gmt":"2025-06-24T06:40:28","guid":{"rendered":"https:\/\/luxe-patrimoine.com\/?page_id=6087"},"modified":"2025-06-24T06:54:40","modified_gmt":"2025-06-24T06:54:40","slug":"politique-de-confidentialite","status":"publish","type":"page","link":"https:\/\/luxe-patrimoine.com\/fr\/politique-de-confidentialite\/","title":{"rendered":"Politique de confidentialit\u00e9"},"content":{"rendered":"\t\t<div data-elementor-type=\"wp-page\" data-elementor-id=\"6087\" class=\"elementor elementor-6087\" data-elementor-post-type=\"page\">\n\t\t\t\t<div class=\"elementor-element elementor-element-a316a6b e-flex e-con-boxed e-con e-parent\" data-id=\"a316a6b\" data-element_type=\"container\" data-settings=\"{&quot;background_background&quot;:&quot;classic&quot;,&quot;jet_parallax_layout_list&quot;:[]}\">\n\t\t\t\t\t<div class=\"e-con-inner\">\n\t\t\t\t<div class=\"elementor-element elementor-element-9d6b006 elementor-widget elementor-widget-heading\" data-id=\"9d6b006\" data-element_type=\"widget\" data-widget_type=\"heading.default\">\n\t\t\t\t<div class=\"elementor-widget-container\">\n\t\t\t\t\t<h2 class=\"elementor-heading-title elementor-size-default\">POLITIQUE DE CONFIDENTIALIT\u00c9<\/h2>\t\t\t\t<\/div>\n\t\t\t\t<\/div>\n\t\t\t\t\t<\/div>\n\t\t\t\t<\/div>\n\t\t<div class=\"elementor-element elementor-element-ca00a30 e-flex e-con-boxed e-con e-parent\" data-id=\"ca00a30\" data-element_type=\"container\" data-settings=\"{&quot;jet_parallax_layout_list&quot;:[]}\">\n\t\t\t\t\t<div class=\"e-con-inner\">\n\t\t\t\t<div class=\"elementor-element elementor-element-dc2ae0d elementor-widget elementor-widget-text-editor\" data-id=\"dc2ae0d\" data-element_type=\"widget\" data-widget_type=\"text-editor.default\">\n\t\t\t\t<div class=\"elementor-widget-container\">\n\t\t\t\t\t\t\t\t\t<p>Luxe-Patrimoine.com Politique de confidentialit\u00e9<\/p><p>\u00a0<\/p><p>La pr\u00e9sente politique de confidentialit\u00e9 d\u00e9crit comment vos informations personnelles sont collect\u00e9es, utilis\u00e9es et partag\u00e9es lorsque vous visitez ou effectuez un achat sur le site https:\/\/luxe-patrimoine.com (le \u00ab site \u00bb).<\/p><p>\u00a0<\/p><p><strong>INFORMATIONS PERSONNELLES QUE NOUS RECUEILLONS<\/strong><\/p><p>\u00a0<\/p><p>Lorsque vous visitez le Site, nous recueillons automatiquement certaines informations sur votre appareil, notamment des informations sur votre navigateur web, votre adresse IP, votre fuseau horaire et certains des cookies install\u00e9s sur votre appareil. En outre, lorsque vous naviguez sur le site, nous recueillons des informations sur les pages Web ou les produits que vous consultez, sur les sites Web ou les termes de recherche qui vous ont amen\u00e9 sur le site et sur la mani\u00e8re dont vous interagissez avec le site. Nous d\u00e9signons ces informations collect\u00e9es automatiquement par le terme \u00ab\u00a0Informations sur les dispositifs\u00a0\u00bb.<\/p><p>\u00a0<\/p><p>Nous recueillons des informations sur les appareils \u00e0 l\u2019aide des technologies suivantes :<\/p><ul><li>\u00bb Les cookies \u00a0\u00bb sont des fichiers de donn\u00e9es qui sont plac\u00e9s sur votre appareil ou votre ordinateur et qui comprennent souvent un identifiant unique anonyme. Pour plus d\u2019informations sur les cookies et sur la mani\u00e8re de les d\u00e9sactiver, visitez http:\/\/www.allaboutcookies.org.<\/li><li>Les \u00ab fichiers journaux \u00bb suivent les actions qui se produisent sur le site et collectent des donn\u00e9es, notamment votre adresse IP, votre type de navigateur, votre fournisseur d\u2019acc\u00e8s \u00e0 Internet, les pages de renvoi\/de sortie et les horodatages.<\/li><li>Les \u00ab balises Web \u00bb, \u00ab tags \u00bb et \u00ab pixels \u00bb sont des fichiers \u00e9lectroniques utilis\u00e9s pour enregistrer des informations sur la fa\u00e7on dont vous naviguez sur le site.<\/li><\/ul><p>\u00a0<\/p><p>En outre, lorsque vous effectuez ou tentez d\u2019effectuer un achat sur le site, nous recueillons certaines informations vous concernant, notamment votre nom, votre adresse de facturation, votre adresse de livraison, vos informations de paiement (y compris les num\u00e9ros de carte de cr\u00e9dit), votre adresse \u00e9lectronique et votre num\u00e9ro de t\u00e9l\u00e9phone. Nous appelons ces informations \u00ab\u00a0Informations sur la commande\u00a0\u00bb.<\/p><p>\u00a0<\/p><p>Lorsque nous parlons de \u00a0\u00bb renseignements personnels \u00a0\u00bb dans la pr\u00e9sente politique de confidentialit\u00e9, nous parlons \u00e0 la fois des renseignements sur les appareils et des renseignements sur les commandes.<\/p><p>\u00a0<\/p><p><strong>COMMENT UTILISONS-NOUS VOS INFORMATIONS PERSONNELLES ?<\/strong><\/p><p>\u00a0<\/p><p>Nous utilisons les informations relatives aux commandes que nous recueillons g\u00e9n\u00e9ralement pour ex\u00e9cuter les commandes pass\u00e9es par le biais du site (y compris le traitement de vos informations de paiement, l\u2019organisation de l\u2019exp\u00e9dition et l\u2019envoi de factures et\/ou de confirmations de commande). En outre, nous utilisons ces informations de commande pour :<br \/>Communiquer avec vous ; examiner nos commandes pour d\u00e9tecter tout risque potentiel ou toute fraude ; et<\/p><p>\u00a0<\/p><p>Conform\u00e9ment aux pr\u00e9f\u00e9rences que vous avez partag\u00e9es avec nous, vous fournir des informations ou des publicit\u00e9s relatives \u00e0 nos produits ou services.<\/p><p>\u00a0<\/p><p>Nous utilisons les informations sur les appareils que nous recueillons pour nous aider \u00e0 d\u00e9tecter les risques et les fraudes potentiels (en particulier, votre adresse IP) et, plus g\u00e9n\u00e9ralement, pour am\u00e9liorer et optimiser notre site (par exemple, en g\u00e9n\u00e9rant des analyses sur la fa\u00e7on dont nos clients naviguent et interagissent avec le site, et pour \u00e9valuer le succ\u00e8s de nos campagnes de marketing et de publicit\u00e9).<\/p><p>\u00a0<\/p><p>Nous partageons vos informations personnelles avec des tiers pour nous aider \u00e0 utiliser vos informations personnelles, comme d\u00e9crit ci-dessus. Par exemple, nous utilisons WordPress pour alimenter notre boutique en ligne \u2013 vous pouvez en savoir plus sur la fa\u00e7on dont WordPress utilise vos informations personnelles.<\/p><p>\u00a0<\/p><p>Nous utilisons \u00e9galement Google Analytics pour nous aider \u00e0 comprendre comment nos clients utilisent le site. Pour en savoir plus sur la mani\u00e8re dont Google utilise vos informations personnelles, cliquez ici : https:\/\/www.google.com\/intl\/en\/policies\/privacy\/. Vous pouvez \u00e9galement d\u00e9sactiver Google Analytics \u00e0 l\u2019adresse suivante : https:\/\/tools.google.com\/dlpage\/gaoptout.<\/p><p>\u00a0<\/p><p>Enfin, nous pouvons \u00e9galement partager vos informations personnelles pour nous conformer aux lois et r\u00e9glementations applicables, pour r\u00e9pondre \u00e0 une assignation, un mandat de perquisition ou toute autre demande l\u00e9gale d\u2019informations que nous recevons, ou pour prot\u00e9ger nos droits de toute autre mani\u00e8re.<\/p><p>\u00a0<\/p><p><strong>LA PUBLICIT\u00c9 COMPORTEMENTALE<\/strong><\/p><p>\u00a0<\/p><p>Comme d\u00e9crit ci-dessus, nous utilisons vos informations personnelles pour vous fournir des publicit\u00e9s cibl\u00e9es ou des communications marketing qui, selon nous, pourraient vous int\u00e9resser. Pour plus d\u2019informations sur le fonctionnement de la publicit\u00e9 cibl\u00e9e, vous pouvez consulter la page \u00e9ducative de la Network Advertising Initiative (\u00ab\u00a0NAI\u00a0\u00bb) \u00e0 l\u2019adresse http:\/\/www.networkadvertising.org\/understanding-online-advertising\/how-does-it-work.<\/p><p>\u00a0<\/p><p>Vous pouvez refuser la publicit\u00e9 cibl\u00e9e en :<\/p><p>\u00a0<\/p><p><strong>LES LIENS COMMUNS COMPRENNENT :<\/strong><\/p><p>\u00a0<\/p><p>FACEBOOK \u2013 https:\/\/www.facebook.com\/settings\/?tab=ads<br \/>GOOGLE \u2013 https:\/\/www.google.com\/settings\/ads\/anonymous<br \/>BING \u2013 https:\/\/advertise.bingads.microsoft.com\/en-us\/resources\/policies\/personalized-ads<\/p><p>\u00a0<\/p><p>En outre, vous pouvez refuser certains de ces services en visitant le portail d\u2019exclusion de la Digital Advertising Alliance \u00e0 l\u2019adresse suivante : http:\/\/optout.aboutads.info\/.<\/p><p>\u00a0<\/p><p><strong>NE PAS SUIVRE<\/strong><\/p><p>\u00a0<\/p><p>Veuillez noter que nous ne modifions pas les pratiques de collecte et d\u2019utilisation des donn\u00e9es de notre site lorsque nous voyons un signal \u00ab\u00a0Do Not Track\u00a0\u00bb de votre navigateur.<\/p><p>\u00a0<\/p><p><strong>VOS DROITS<\/strong><\/p><p>\u00a0<\/p><p>Si vous \u00eates un r\u00e9sident europ\u00e9en, vous avez le droit d\u2019acc\u00e9der aux informations personnelles que nous d\u00e9tenons \u00e0 votre sujet et de demander que vos informations personnelles soient corrig\u00e9es, mises \u00e0 jour ou supprim\u00e9es. Si vous souhaitez exercer ce droit, veuillez nous contacter par le biais des informations de contact ci-dessous.En outre, si vous \u00eates un r\u00e9sident europ\u00e9en, nous notons que nous traitons vos informations afin d\u2019ex\u00e9cuter les contrats que nous pourrions avoir avec vous (par exemple si vous passez une commande par le biais du site), ou autrement pour poursuivre nos int\u00e9r\u00eats commerciaux l\u00e9gitimes \u00e9num\u00e9r\u00e9s ci-dessus.\u00a0 En outre, veuillez noter que vos informations seront transf\u00e9r\u00e9es en dehors de l\u2019Europe, notamment au Canada et aux \u00c9tats-Unis.<\/p><p>\u00a0<\/p><p><strong>CONSERVATION DES DONN\u00c9ES<\/strong><\/p><p>\u00a0<\/p><p>Lorsque vous passez une commande par l\u2019interm\u00e9diaire du site, nous conservons les informations relatives \u00e0 votre commande dans nos dossiers, sauf si vous nous demandez de supprimer ces informations.<\/p><p>\u00a0<\/p><p><strong>CHANGEMENTS<\/strong><\/p><p>\u00a0<\/p><p>Nous pouvons \u00eatre amen\u00e9s \u00e0 mettre \u00e0 jour cette politique de confidentialit\u00e9 de temps \u00e0 autre afin de refl\u00e9ter, par exemple, des changements dans nos pratiques ou pour d\u2019autres raisons op\u00e9rationnelles, l\u00e9gales ou r\u00e9glementaires.<\/p><p>\u00a0<\/p><p><strong>CONTACTEZ-NOUS<\/strong><\/p><p>\u00a0<\/p><p>Pour plus d\u2019informations sur nos pratiques en mati\u00e8re de protection de la vie priv\u00e9e, si vous avez des questions ou si vous souhaitez d\u00e9poser une plainte, veuillez nous contacter par e-mail \u00e0 l\u2019adresse <a href=\"mailto:fgueye@luxe-patrimoine.com\"><span class=\"elementor-icon-list-text\">fgueye@luxe-patrimoine.com<\/span><\/a>\u00a0ou par courrier en utilisant les coordonn\u00e9es fournies ci-dessous :<\/p><p>\u00a0<\/p><p>Exchange Tower, Business Bay, P.O Box &#8211; 117571, Dubai &#8211; \u00c9mirats Arabes Unis.<\/p>\t\t\t\t\t\t\t\t<\/div>\n\t\t\t\t<\/div>\n\t\t\t\t\t<\/div>\n\t\t\t\t<\/div>\n\t\t\t\t<\/div>\n\t\t","protected":false},"excerpt":{"rendered":"<p>POLITIQUE DE CONFIDENTIALIT\u00c9 Luxe-Patrimoine.com Politique de confidentialit\u00e9 \u00a0 La pr\u00e9sente politique de confidentialit\u00e9 d\u00e9crit comment vos informations personnelles sont collect\u00e9es, [&hellip;]<\/p>\n","protected":false},"author":16,"featured_media":0,"parent":0,"menu_order":0,"comment_status":"closed","ping_status":"closed","template":"elementor_header_footer","meta":{"_monsterinsights_skip_tracking":false,"_monsterinsights_sitenote_active":false,"_monsterinsights_sitenote_note":"","_monsterinsights_sitenote_category":0,"site-sidebar-layout":"default","site-content-layout":"","ast-site-content-layout":"","site-content-style":"default","site-sidebar-style":"default","ast-global-header-display":"","ast-banner-title-visibility":"","ast-main-header-display":"","ast-hfb-above-header-display":"","ast-hfb-below-header-display":"","ast-hfb-mobile-header-display":"","site-post-title":"","ast-breadcrumbs-content":"","ast-featured-img":"","footer-sml-layout":"","theme-transparent-header-meta":"","adv-header-id-meta":"","stick-header-meta":"","header-above-stick-meta":"","header-main-stick-meta":"","header-below-stick-meta":"","astra-migrate-meta-layouts":"default","ast-page-background-enabled":"default","ast-page-background-meta":{"desktop":{"background-color":"var(--ast-global-color-5)","background-image":"","background-repeat":"repeat","background-position":"center center","background-size":"auto","background-attachment":"scroll","background-type":"","background-media":"","overlay-type":"","overlay-color":"","overlay-opacity":"","overlay-gradient":""},"tablet":{"background-color":"","background-image":"","background-repeat":"repeat","background-position":"center center","background-size":"auto","background-attachment":"scroll","background-type":"","background-media":"","overlay-type":"","overlay-color":"","overlay-opacity":"","overlay-gradient":""},"mobile":{"background-color":"","background-image":"","background-repeat":"repeat","background-position":"center center","background-size":"auto","background-attachment":"scroll","background-type":"","background-media":"","overlay-type":"","overlay-color":"","overlay-opacity":"","overlay-gradient":""}},"ast-content-background-meta":{"desktop":{"background-color":"var(--ast-global-color-4)","background-image":"","background-repeat":"repeat","background-position":"center center","background-size":"auto","background-attachment":"scroll","background-type":"","background-media":"","overlay-type":"","overlay-color":"","overlay-opacity":"","overlay-gradient":""},"tablet":{"background-color":"var(--ast-global-color-4)","background-image":"","background-repeat":"repeat","background-position":"center center","background-size":"auto","background-attachment":"scroll","background-type":"","background-media":"","overlay-type":"","overlay-color":"","overlay-opacity":"","overlay-gradient":""},"mobile":{"background-color":"var(--ast-global-color-4)","background-image":"","background-repeat":"repeat","background-position":"center center","background-size":"auto","background-attachment":"scroll","background-type":"","background-media":"","overlay-type":"","overlay-color":"","overlay-opacity":"","overlay-gradient":""}},"footnotes":""},"class_list":["post-6087","page","type-page","status-publish","hentry"],"yoast_head":"<!-- This site is optimized with the Yoast SEO plugin v25.4 - https:\/\/yoast.com\/wordpress\/plugins\/seo\/ -->\n<title>Politique de confidentialit\u00e9 - Agence Immobili\u00e8re Fran\u00e7aise \u00e0 Dubai - Luxe &amp; Patrimoine<\/title>\n<meta name=\"robots\" content=\"index, follow, max-snippet:-1, max-image-preview:large, max-video-preview:-1\" \/>\n<link rel=\"canonical\" href=\"https:\/\/luxe-patrimoine.com\/politique-de-confidentialite\/\" \/>\n<meta property=\"og:locale\" content=\"fr_FR\" \/>\n<meta property=\"og:type\" content=\"article\" \/>\n<meta property=\"og:title\" content=\"Politique de confidentialit\u00e9 - Agence Immobili\u00e8re Fran\u00e7aise \u00e0 Dubai - Luxe &amp; Patrimoine\" \/>\n<meta property=\"og:description\" content=\"POLITIQUE DE CONFIDENTIALIT\u00c9 Luxe-Patrimoine.com Politique de confidentialit\u00e9 \u00a0 La pr\u00e9sente politique de confidentialit\u00e9 d\u00e9crit comment vos informations personnelles sont collect\u00e9es, [&hellip;]\" \/>\n<meta property=\"og:url\" content=\"https:\/\/luxe-patrimoine.com\/politique-de-confidentialite\/\" \/>\n<meta property=\"og:site_name\" content=\"Agence Immobili\u00e8re Fran\u00e7aise \u00e0 Dubai - Luxe &amp; Patrimoine\" \/>\n<meta property=\"article:publisher\" content=\"https:\/\/web.facebook.com\/profile.php?id=61573118061878\" \/>\n<meta property=\"article:modified_time\" content=\"2025-06-24T06:54:40+00:00\" \/>\n<meta name=\"twitter:card\" content=\"summary_large_image\" \/>\n<meta name=\"twitter:site\" content=\"@LuxePatrimoine\" \/>\n<meta name=\"twitter:label1\" content=\"Dur\u00e9e de lecture estim\u00e9e\" \/>\n\t<meta name=\"twitter:data1\" content=\"6 minutes\" \/>\n<script type=\"application\/ld+json\" class=\"yoast-schema-graph\">{\"@context\":\"https:\/\/schema.org\",\"@graph\":[{\"@type\":\"WebPage\",\"@id\":\"https:\/\/luxe-patrimoine.com\/politique-de-confidentialite\/\",\"url\":\"https:\/\/luxe-patrimoine.com\/politique-de-confidentialite\/\",\"name\":\"Politique de confidentialit\u00e9 - Agence Immobili\u00e8re Fran\u00e7aise \u00e0 Dubai - Luxe &amp; Patrimoine\",\"isPartOf\":{\"@id\":\"https:\/\/luxe-patrimoine.com\/#website\"},\"datePublished\":\"2025-06-24T06:40:28+00:00\",\"dateModified\":\"2025-06-24T06:54:40+00:00\",\"breadcrumb\":{\"@id\":\"https:\/\/luxe-patrimoine.com\/politique-de-confidentialite\/#breadcrumb\"},\"inLanguage\":\"fr-FR\",\"potentialAction\":[{\"@type\":\"ReadAction\",\"target\":[\"https:\/\/luxe-patrimoine.com\/politique-de-confidentialite\/\"]}]},{\"@type\":\"BreadcrumbList\",\"@id\":\"https:\/\/luxe-patrimoine.com\/politique-de-confidentialite\/#breadcrumb\",\"itemListElement\":[{\"@type\":\"ListItem\",\"position\":1,\"name\":\"Home\",\"item\":\"https:\/\/luxe-patrimoine.com\/\"},{\"@type\":\"ListItem\",\"position\":2,\"name\":\"Politique de confidentialit\u00e9\"}]},{\"@type\":\"WebSite\",\"@id\":\"https:\/\/luxe-patrimoine.com\/#website\",\"url\":\"https:\/\/luxe-patrimoine.com\/\",\"name\":\"Luxe & Patrimoine - Agence Immobili\u00e8re Fran\u00e7aise \u00e0 Dubai\",\"description\":\"\",\"publisher\":{\"@id\":\"https:\/\/luxe-patrimoine.com\/#organization\"},\"potentialAction\":[{\"@type\":\"SearchAction\",\"target\":{\"@type\":\"EntryPoint\",\"urlTemplate\":\"https:\/\/luxe-patrimoine.com\/?s={search_term_string}\"},\"query-input\":{\"@type\":\"PropertyValueSpecification\",\"valueRequired\":true,\"valueName\":\"search_term_string\"}}],\"inLanguage\":\"fr-FR\"},{\"@type\":\"Organization\",\"@id\":\"https:\/\/luxe-patrimoine.com\/#organization\",\"name\":\"Luxe & Patrimoine\",\"url\":\"https:\/\/luxe-patrimoine.com\/\",\"logo\":{\"@type\":\"ImageObject\",\"inLanguage\":\"fr-FR\",\"@id\":\"https:\/\/luxe-patrimoine.com\/#\/schema\/logo\/image\/\",\"url\":\"https:\/\/luxe-patrimoine.com\/wp-content\/uploads\/2020\/09\/Luxe-Patrimoine-Logo.png\",\"contentUrl\":\"https:\/\/luxe-patrimoine.com\/wp-content\/uploads\/2020\/09\/Luxe-Patrimoine-Logo.png\",\"width\":1179,\"height\":1108,\"caption\":\"Luxe & Patrimoine\"},\"image\":{\"@id\":\"https:\/\/luxe-patrimoine.com\/#\/schema\/logo\/image\/\"},\"sameAs\":[\"https:\/\/web.facebook.com\/profile.php?id=61573118061878\",\"https:\/\/x.com\/LuxePatrimoine\",\"https:\/\/www.instagram.com\/luxe_patrimoine\/\",\"https:\/\/www.youtube.com\/@LuxePatrimoine\",\"https:\/\/www.linkedin.com\/in\/luxe-patrimoine-124b5a348\/\"]}]}<\/script>\n<!-- \/ Yoast SEO plugin. -->","yoast_head_json":{"title":"Politique de confidentialit\u00e9 - Agence Immobili\u00e8re Fran\u00e7aise \u00e0 Dubai - Luxe &amp; Patrimoine","robots":{"index":"index","follow":"follow","max-snippet":"max-snippet:-1","max-image-preview":"max-image-preview:large","max-video-preview":"max-video-preview:-1"},"canonical":"https:\/\/luxe-patrimoine.com\/politique-de-confidentialite\/","og_locale":"fr_FR","og_type":"article","og_title":"Politique de confidentialit\u00e9 - Agence Immobili\u00e8re Fran\u00e7aise \u00e0 Dubai - Luxe &amp; Patrimoine","og_description":"POLITIQUE DE CONFIDENTIALIT\u00c9 Luxe-Patrimoine.com Politique de confidentialit\u00e9 \u00a0 La pr\u00e9sente politique de confidentialit\u00e9 d\u00e9crit comment vos informations personnelles sont collect\u00e9es, [&hellip;]","og_url":"https:\/\/luxe-patrimoine.com\/politique-de-confidentialite\/","og_site_name":"Agence Immobili\u00e8re Fran\u00e7aise \u00e0 Dubai - Luxe &amp; Patrimoine","article_publisher":"https:\/\/web.facebook.com\/profile.php?id=61573118061878","article_modified_time":"2025-06-24T06:54:40+00:00","twitter_card":"summary_large_image","twitter_site":"@LuxePatrimoine","twitter_misc":{"Dur\u00e9e de lecture estim\u00e9e":"6 minutes"},"schema":{"@context":"https:\/\/schema.org","@graph":[{"@type":"WebPage","@id":"https:\/\/luxe-patrimoine.com\/politique-de-confidentialite\/","url":"https:\/\/luxe-patrimoine.com\/politique-de-confidentialite\/","name":"Politique de confidentialit\u00e9 - Agence Immobili\u00e8re Fran\u00e7aise \u00e0 Dubai - Luxe &amp; Patrimoine","isPartOf":{"@id":"https:\/\/luxe-patrimoine.com\/#website"},"datePublished":"2025-06-24T06:40:28+00:00","dateModified":"2025-06-24T06:54:40+00:00","breadcrumb":{"@id":"https:\/\/luxe-patrimoine.com\/politique-de-confidentialite\/#breadcrumb"},"inLanguage":"fr-FR","potentialAction":[{"@type":"ReadAction","target":["https:\/\/luxe-patrimoine.com\/politique-de-confidentialite\/"]}]},{"@type":"BreadcrumbList","@id":"https:\/\/luxe-patrimoine.com\/politique-de-confidentialite\/#breadcrumb","itemListElement":[{"@type":"ListItem","position":1,"name":"Home","item":"https:\/\/luxe-patrimoine.com\/"},{"@type":"ListItem","position":2,"name":"Politique de confidentialit\u00e9"}]},{"@type":"WebSite","@id":"https:\/\/luxe-patrimoine.com\/#website","url":"https:\/\/luxe-patrimoine.com\/","name":"Luxe & Patrimoine - Agence Immobili\u00e8re Fran\u00e7aise \u00e0 Dubai","description":"","publisher":{"@id":"https:\/\/luxe-patrimoine.com\/#organization"},"potentialAction":[{"@type":"SearchAction","target":{"@type":"EntryPoint","urlTemplate":"https:\/\/luxe-patrimoine.com\/?s={search_term_string}"},"query-input":{"@type":"PropertyValueSpecification","valueRequired":true,"valueName":"search_term_string"}}],"inLanguage":"fr-FR"},{"@type":"Organization","@id":"https:\/\/luxe-patrimoine.com\/#organization","name":"Luxe & Patrimoine","url":"https:\/\/luxe-patrimoine.com\/","logo":{"@type":"ImageObject","inLanguage":"fr-FR","@id":"https:\/\/luxe-patrimoine.com\/#\/schema\/logo\/image\/","url":"https:\/\/luxe-patrimoine.com\/wp-content\/uploads\/2020\/09\/Luxe-Patrimoine-Logo.png","contentUrl":"https:\/\/luxe-patrimoine.com\/wp-content\/uploads\/2020\/09\/Luxe-Patrimoine-Logo.png","width":1179,"height":1108,"caption":"Luxe & Patrimoine"},"image":{"@id":"https:\/\/luxe-patrimoine.com\/#\/schema\/logo\/image\/"},"sameAs":["https:\/\/web.facebook.com\/profile.php?id=61573118061878","https:\/\/x.com\/LuxePatrimoine","https:\/\/www.instagram.com\/luxe_patrimoine\/","https:\/\/www.youtube.com\/@LuxePatrimoine","https:\/\/www.linkedin.com\/in\/luxe-patrimoine-124b5a348\/"]}]}},"_links":{"self":[{"href":"https:\/\/luxe-patrimoine.com\/fr\/wp-json\/wp\/v2\/pages\/6087","targetHints":{"allow":["GET"]}}],"collection":[{"href":"https:\/\/luxe-patrimoine.com\/fr\/wp-json\/wp\/v2\/pages"}],"about":[{"href":"https:\/\/luxe-patrimoine.com\/fr\/wp-json\/wp\/v2\/types\/page"}],"author":[{"embeddable":true,"href":"https:\/\/luxe-patrimoine.com\/fr\/wp-json\/wp\/v2\/users\/16"}],"replies":[{"embeddable":true,"href":"https:\/\/luxe-patrimoine.com\/fr\/wp-json\/wp\/v2\/comments?post=6087"}],"version-history":[{"count":16,"href":"https:\/\/luxe-patrimoine.com\/fr\/wp-json\/wp\/v2\/pages\/6087\/revisions"}],"predecessor-version":[{"id":6104,"href":"https:\/\/luxe-patrimoine.com\/fr\/wp-json\/wp\/v2\/pages\/6087\/revisions\/6104"}],"wp:attachment":[{"href":"https:\/\/luxe-patrimoine.com\/fr\/wp-json\/wp\/v2\/media?parent=6087"}],"curies":[{"name":"wp","href":"https:\/\/api.w.org\/{rel}","templated":true}]}}