{"id":6106,"date":"2025-06-24T06:57:08","date_gmt":"2025-06-24T06:57:08","guid":{"rendered":"https:\/\/luxe-patrimoine.com\/?page_id=6106"},"modified":"2025-06-24T07:16:03","modified_gmt":"2025-06-24T07:16:03","slug":"mentions-legales","status":"publish","type":"page","link":"https:\/\/luxe-patrimoine.com\/fr\/mentions-legales\/","title":{"rendered":"Mentions l\u00e9gales"},"content":{"rendered":"\t\t<div data-elementor-type=\"wp-page\" data-elementor-id=\"6106\" class=\"elementor elementor-6106\" data-elementor-post-type=\"page\">\n\t\t\t\t<div class=\"elementor-element elementor-element-a316a6b e-flex e-con-boxed e-con e-parent\" data-id=\"a316a6b\" data-element_type=\"container\" data-settings=\"{&quot;background_background&quot;:&quot;classic&quot;,&quot;jet_parallax_layout_list&quot;:[]}\">\n\t\t\t\t\t<div class=\"e-con-inner\">\n\t\t\t\t<div class=\"elementor-element elementor-element-9d6b006 elementor-widget elementor-widget-heading\" data-id=\"9d6b006\" data-element_type=\"widget\" data-widget_type=\"heading.default\">\n\t\t\t\t<div class=\"elementor-widget-container\">\n\t\t\t\t\t<h2 class=\"elementor-heading-title elementor-size-default\">Mentions l\u00e9gales<\/h2>\t\t\t\t<\/div>\n\t\t\t\t<\/div>\n\t\t\t\t\t<\/div>\n\t\t\t\t<\/div>\n\t\t<div class=\"elementor-element elementor-element-ca00a30 e-flex e-con-boxed e-con e-parent\" data-id=\"ca00a30\" data-element_type=\"container\" data-settings=\"{&quot;jet_parallax_layout_list&quot;:[]}\">\n\t\t\t\t\t<div class=\"e-con-inner\">\n\t\t\t\t<div class=\"elementor-element elementor-element-dc2ae0d elementor-widget elementor-widget-text-editor\" data-id=\"dc2ae0d\" data-element_type=\"widget\" data-widget_type=\"text-editor.default\">\n\t\t\t\t<div class=\"elementor-widget-container\">\n\t\t\t\t\t\t\t\t\t<p><strong>LUXE ET PATRIMOINE<\/strong><\/p><p>\u00a0<\/p><p><strong>Exchange Tower, Business Bay, P.O Box &#8211; 117571, Dubai &#8211; \u00c9mirats Arabes Unis<\/strong><\/p><p>\u00a0<\/p><p><span style=\"color: #000000;\"><a style=\"color: #000000;\" href=\"https:\/\/wa.me\/971525424354\"><span class=\"elementor-icon-list-text\">+971 52 542 4354<\/span><\/a><\/span><\/p><p><span style=\"color: #000000;\"><a style=\"color: #000000;\" href=\"mailto:fgueye@luxe-patrimoine.com\"><span class=\"elementor-icon-list-text\">fgueye@luxe-patrimoine.com<\/span><\/a><\/span><\/p><p>CEO : Fouseny Gueye<\/p><p>\u00a0<\/p><p><strong>H\u00e9bergeur :<\/strong><\/p><p>HOSTINGER operations, UAB<\/p><p>\u0160vitrigailos str. 34, Vilnius 03230 Lithuania<\/p><p>Conditions d\u2019utilisation du site Internet<\/p><p>https:\/\/www.hostinger.com\/fr<\/p><p>\u00a0<\/p><p><strong>D\u00e9veloppeur sur site web :\u00a0<\/strong><\/p><p>Illumination Digitale SARL<\/p><p>Site web : https:\/\/illuminationdigitale.com<\/p><p>\u00a0<\/p><p>Le site et chacun des \u00e9l\u00e9ments, y compris mais sans limitation les marques, les logos, ic\u00f4nes, infographies, photographies, qui le composent sont prot\u00e9g\u00e9s au titre de la l\u00e9gislation internationale de la propri\u00e9t\u00e9 intellectuelle. Les contenus figurant sur le site sont la propri\u00e9t\u00e9 de LUXE ET PATRIMOINE ou d\u2019autres entreprises. Toute utilisation, reproduction ou repr\u00e9sentation, par quelque proc\u00e9d\u00e9 que ce soit, et sur quelque support que ce soit, de tout ou partie du site et\/ou des \u00e9l\u00e9ments qui le composent n\u2019est pas autoris\u00e9e sans le consentement expresse LUXE ET PATRIMOINE.<\/p><p>\u00a0<\/p><p>La marque LUXE ET PATRIMOINE, le logo LUXE ET PATRIMOINE, et toutes les autres marques LUXE ET PATRIMOINE qui figurent sur le pr\u00e9sent site internet sont des marques enregistr\u00e9es, dont le titulaire est la soci\u00e9t\u00e9 LUXE ET PATRIMOINE. Toutes les autres marques qui figurent sur le pr\u00e9sent site internet sont la propri\u00e9t\u00e9 de leurs titulaires respectifs.<\/p><p>\u00a0<\/p><p>Donn\u00e9es personnelles<\/p><p>\u00a0<\/p><p>D\u2019une fa\u00e7on g\u00e9n\u00e9rale, vous pouvez visiter notre site sur Internet sans avoir \u00e0 d\u00e9cliner votre identit\u00e9 et \u00e0 fournir des informations personnelles vous concernant. Cependant, nous pouvons parfois vous demander des informations. Par exemple, pour traiter une commande, \u00e9tablir une correspondance, fournir un abonnement ou soumettre une candidature \u00e0 un poste. Nous pouvons compl\u00e9ter ces informations pour conclure une transaction ou offrir un meilleur service.<\/p>\t\t\t\t\t\t\t\t<\/div>\n\t\t\t\t<\/div>\n\t\t\t\t\t<\/div>\n\t\t\t\t<\/div>\n\t\t\t\t<\/div>\n\t\t","protected":false},"excerpt":{"rendered":"<p>Mentions l\u00e9gales LUXE ET PATRIMOINE \u00a0 Exchange Tower, Business Bay, P.O Box &#8211; 117571, Dubai &#8211; \u00c9mirats Arabes Unis \u00a0 [&hellip;]<\/p>\n","protected":false},"author":16,"featured_media":0,"parent":0,"menu_order":0,"comment_status":"closed","ping_status":"closed","template":"elementor_header_footer","meta":{"_monsterinsights_skip_tracking":false,"_monsterinsights_sitenote_active":false,"_monsterinsights_sitenote_note":"","_monsterinsights_sitenote_category":0,"site-sidebar-layout":"default","site-content-layout":"","ast-site-content-layout":"","site-content-style":"default","site-sidebar-style":"default","ast-global-header-display":"","ast-banner-title-visibility":"","ast-main-header-display":"","ast-hfb-above-header-display":"","ast-hfb-below-header-display":"","ast-hfb-mobile-header-display":"","site-post-title":"","ast-breadcrumbs-content":"","ast-featured-img":"","footer-sml-layout":"","theme-transparent-header-meta":"","adv-header-id-meta":"","stick-header-meta":"","header-above-stick-meta":"","header-main-stick-meta":"","header-below-stick-meta":"","astra-migrate-meta-layouts":"default","ast-page-background-enabled":"default","ast-page-background-meta":{"desktop":{"background-color":"var(--ast-global-color-5)","background-image":"","background-repeat":"repeat","background-position":"center center","background-size":"auto","background-attachment":"scroll","background-type":"","background-media":"","overlay-type":"","overlay-color":"","overlay-opacity":"","overlay-gradient":""},"tablet":{"background-color":"","background-image":"","background-repeat":"repeat","background-position":"center center","background-size":"auto","background-attachment":"scroll","background-type":"","background-media":"","overlay-type":"","overlay-color":"","overlay-opacity":"","overlay-gradient":""},"mobile":{"background-color":"","background-image":"","background-repeat":"repeat","background-position":"center center","background-size":"auto","background-attachment":"scroll","background-type":"","background-media":"","overlay-type":"","overlay-color":"","overlay-opacity":"","overlay-gradient":""}},"ast-content-background-meta":{"desktop":{"background-color":"var(--ast-global-color-4)","background-image":"","background-repeat":"repeat","background-position":"center center","background-size":"auto","background-attachment":"scroll","background-type":"","background-media":"","overlay-type":"","overlay-color":"","overlay-opacity":"","overlay-gradient":""},"tablet":{"background-color":"var(--ast-global-color-4)","background-image":"","background-repeat":"repeat","background-position":"center center","background-size":"auto","background-attachment":"scroll","background-type":"","background-media":"","overlay-type":"","overlay-color":"","overlay-opacity":"","overlay-gradient":""},"mobile":{"background-color":"var(--ast-global-color-4)","background-image":"","background-repeat":"repeat","background-position":"center center","background-size":"auto","background-attachment":"scroll","background-type":"","background-media":"","overlay-type":"","overlay-color":"","overlay-opacity":"","overlay-gradient":""}},"footnotes":""},"class_list":["post-6106","page","type-page","status-publish","hentry"],"yoast_head":"<!-- This site is optimized with the Yoast SEO plugin v25.4 - https:\/\/yoast.com\/wordpress\/plugins\/seo\/ -->\n<title>Mentions l\u00e9gales - Agence Immobili\u00e8re Fran\u00e7aise \u00e0 Dubai - Luxe &amp; Patrimoine<\/title>\n<meta name=\"robots\" content=\"index, follow, max-snippet:-1, max-image-preview:large, max-video-preview:-1\" \/>\n<link rel=\"canonical\" href=\"https:\/\/luxe-patrimoine.com\/mentions-legales\/\" \/>\n<meta property=\"og:locale\" content=\"fr_FR\" \/>\n<meta property=\"og:type\" content=\"article\" \/>\n<meta property=\"og:title\" content=\"Mentions l\u00e9gales - Agence Immobili\u00e8re Fran\u00e7aise \u00e0 Dubai - Luxe &amp; Patrimoine\" \/>\n<meta property=\"og:description\" content=\"Mentions l\u00e9gales LUXE ET PATRIMOINE \u00a0 Exchange Tower, Business Bay, P.O Box &#8211; 117571, Dubai &#8211; \u00c9mirats Arabes Unis \u00a0 [&hellip;]\" \/>\n<meta property=\"og:url\" content=\"https:\/\/luxe-patrimoine.com\/mentions-legales\/\" \/>\n<meta property=\"og:site_name\" content=\"Agence Immobili\u00e8re Fran\u00e7aise \u00e0 Dubai - Luxe &amp; Patrimoine\" \/>\n<meta property=\"article:publisher\" content=\"https:\/\/web.facebook.com\/profile.php?id=61573118061878\" \/>\n<meta property=\"article:modified_time\" content=\"2025-06-24T07:16:03+00:00\" \/>\n<meta name=\"twitter:card\" content=\"summary_large_image\" \/>\n<meta name=\"twitter:site\" content=\"@LuxePatrimoine\" \/>\n<meta name=\"twitter:label1\" content=\"Dur\u00e9e de lecture estim\u00e9e\" \/>\n\t<meta name=\"twitter:data1\" content=\"1 minute\" \/>\n<script type=\"application\/ld+json\" class=\"yoast-schema-graph\">{\"@context\":\"https:\/\/schema.org\",\"@graph\":[{\"@type\":\"WebPage\",\"@id\":\"https:\/\/luxe-patrimoine.com\/mentions-legales\/\",\"url\":\"https:\/\/luxe-patrimoine.com\/mentions-legales\/\",\"name\":\"Mentions l\u00e9gales - Agence Immobili\u00e8re Fran\u00e7aise \u00e0 Dubai - Luxe &amp; Patrimoine\",\"isPartOf\":{\"@id\":\"https:\/\/luxe-patrimoine.com\/#website\"},\"datePublished\":\"2025-06-24T06:57:08+00:00\",\"dateModified\":\"2025-06-24T07:16:03+00:00\",\"breadcrumb\":{\"@id\":\"https:\/\/luxe-patrimoine.com\/mentions-legales\/#breadcrumb\"},\"inLanguage\":\"fr-FR\",\"potentialAction\":[{\"@type\":\"ReadAction\",\"target\":[\"https:\/\/luxe-patrimoine.com\/mentions-legales\/\"]}]},{\"@type\":\"BreadcrumbList\",\"@id\":\"https:\/\/luxe-patrimoine.com\/mentions-legales\/#breadcrumb\",\"itemListElement\":[{\"@type\":\"ListItem\",\"position\":1,\"name\":\"Home\",\"item\":\"https:\/\/luxe-patrimoine.com\/\"},{\"@type\":\"ListItem\",\"position\":2,\"name\":\"Mentions l\u00e9gales\"}]},{\"@type\":\"WebSite\",\"@id\":\"https:\/\/luxe-patrimoine.com\/#website\",\"url\":\"https:\/\/luxe-patrimoine.com\/\",\"name\":\"Luxe & Patrimoine - Agence Immobili\u00e8re Fran\u00e7aise \u00e0 Dubai\",\"description\":\"\",\"publisher\":{\"@id\":\"https:\/\/luxe-patrimoine.com\/#organization\"},\"potentialAction\":[{\"@type\":\"SearchAction\",\"target\":{\"@type\":\"EntryPoint\",\"urlTemplate\":\"https:\/\/luxe-patrimoine.com\/?s={search_term_string}\"},\"query-input\":{\"@type\":\"PropertyValueSpecification\",\"valueRequired\":true,\"valueName\":\"search_term_string\"}}],\"inLanguage\":\"fr-FR\"},{\"@type\":\"Organization\",\"@id\":\"https:\/\/luxe-patrimoine.com\/#organization\",\"name\":\"Luxe & Patrimoine\",\"url\":\"https:\/\/luxe-patrimoine.com\/\",\"logo\":{\"@type\":\"ImageObject\",\"inLanguage\":\"fr-FR\",\"@id\":\"https:\/\/luxe-patrimoine.com\/#\/schema\/logo\/image\/\",\"url\":\"https:\/\/luxe-patrimoine.com\/wp-content\/uploads\/2020\/09\/Luxe-Patrimoine-Logo.png\",\"contentUrl\":\"https:\/\/luxe-patrimoine.com\/wp-content\/uploads\/2020\/09\/Luxe-Patrimoine-Logo.png\",\"width\":1179,\"height\":1108,\"caption\":\"Luxe & Patrimoine\"},\"image\":{\"@id\":\"https:\/\/luxe-patrimoine.com\/#\/schema\/logo\/image\/\"},\"sameAs\":[\"https:\/\/web.facebook.com\/profile.php?id=61573118061878\",\"https:\/\/x.com\/LuxePatrimoine\",\"https:\/\/www.instagram.com\/luxe_patrimoine\/\",\"https:\/\/www.youtube.com\/@LuxePatrimoine\",\"https:\/\/www.linkedin.com\/in\/luxe-patrimoine-124b5a348\/\"]}]}<\/script>\n<!-- \/ Yoast SEO plugin. -->","yoast_head_json":{"title":"Mentions l\u00e9gales - Agence Immobili\u00e8re Fran\u00e7aise \u00e0 Dubai - Luxe &amp; Patrimoine","robots":{"index":"index","follow":"follow","max-snippet":"max-snippet:-1","max-image-preview":"max-image-preview:large","max-video-preview":"max-video-preview:-1"},"canonical":"https:\/\/luxe-patrimoine.com\/mentions-legales\/","og_locale":"fr_FR","og_type":"article","og_title":"Mentions l\u00e9gales - Agence Immobili\u00e8re Fran\u00e7aise \u00e0 Dubai - Luxe &amp; Patrimoine","og_description":"Mentions l\u00e9gales LUXE ET PATRIMOINE \u00a0 Exchange Tower, Business Bay, P.O Box &#8211; 117571, Dubai &#8211; \u00c9mirats Arabes Unis \u00a0 [&hellip;]","og_url":"https:\/\/luxe-patrimoine.com\/mentions-legales\/","og_site_name":"Agence Immobili\u00e8re Fran\u00e7aise \u00e0 Dubai - Luxe &amp; Patrimoine","article_publisher":"https:\/\/web.facebook.com\/profile.php?id=61573118061878","article_modified_time":"2025-06-24T07:16:03+00:00","twitter_card":"summary_large_image","twitter_site":"@LuxePatrimoine","twitter_misc":{"Dur\u00e9e de lecture estim\u00e9e":"1 minute"},"schema":{"@context":"https:\/\/schema.org","@graph":[{"@type":"WebPage","@id":"https:\/\/luxe-patrimoine.com\/mentions-legales\/","url":"https:\/\/luxe-patrimoine.com\/mentions-legales\/","name":"Mentions l\u00e9gales - Agence Immobili\u00e8re Fran\u00e7aise \u00e0 Dubai - Luxe &amp; Patrimoine","isPartOf":{"@id":"https:\/\/luxe-patrimoine.com\/#website"},"datePublished":"2025-06-24T06:57:08+00:00","dateModified":"2025-06-24T07:16:03+00:00","breadcrumb":{"@id":"https:\/\/luxe-patrimoine.com\/mentions-legales\/#breadcrumb"},"inLanguage":"fr-FR","potentialAction":[{"@type":"ReadAction","target":["https:\/\/luxe-patrimoine.com\/mentions-legales\/"]}]},{"@type":"BreadcrumbList","@id":"https:\/\/luxe-patrimoine.com\/mentions-legales\/#breadcrumb","itemListElement":[{"@type":"ListItem","position":1,"name":"Home","item":"https:\/\/luxe-patrimoine.com\/"},{"@type":"ListItem","position":2,"name":"Mentions l\u00e9gales"}]},{"@type":"WebSite","@id":"https:\/\/luxe-patrimoine.com\/#website","url":"https:\/\/luxe-patrimoine.com\/","name":"Luxe & Patrimoine - Agence Immobili\u00e8re Fran\u00e7aise \u00e0 Dubai","description":"","publisher":{"@id":"https:\/\/luxe-patrimoine.com\/#organization"},"potentialAction":[{"@type":"SearchAction","target":{"@type":"EntryPoint","urlTemplate":"https:\/\/luxe-patrimoine.com\/?s={search_term_string}"},"query-input":{"@type":"PropertyValueSpecification","valueRequired":true,"valueName":"search_term_string"}}],"inLanguage":"fr-FR"},{"@type":"Organization","@id":"https:\/\/luxe-patrimoine.com\/#organization","name":"Luxe & Patrimoine","url":"https:\/\/luxe-patrimoine.com\/","logo":{"@type":"ImageObject","inLanguage":"fr-FR","@id":"https:\/\/luxe-patrimoine.com\/#\/schema\/logo\/image\/","url":"https:\/\/luxe-patrimoine.com\/wp-content\/uploads\/2020\/09\/Luxe-Patrimoine-Logo.png","contentUrl":"https:\/\/luxe-patrimoine.com\/wp-content\/uploads\/2020\/09\/Luxe-Patrimoine-Logo.png","width":1179,"height":1108,"caption":"Luxe & Patrimoine"},"image":{"@id":"https:\/\/luxe-patrimoine.com\/#\/schema\/logo\/image\/"},"sameAs":["https:\/\/web.facebook.com\/profile.php?id=61573118061878","https:\/\/x.com\/LuxePatrimoine","https:\/\/www.instagram.com\/luxe_patrimoine\/","https:\/\/www.youtube.com\/@LuxePatrimoine","https:\/\/www.linkedin.com\/in\/luxe-patrimoine-124b5a348\/"]}]}},"_links":{"self":[{"href":"https:\/\/luxe-patrimoine.com\/fr\/wp-json\/wp\/v2\/pages\/6106","targetHints":{"allow":["GET"]}}],"collection":[{"href":"https:\/\/luxe-patrimoine.com\/fr\/wp-json\/wp\/v2\/pages"}],"about":[{"href":"https:\/\/luxe-patrimoine.com\/fr\/wp-json\/wp\/v2\/types\/page"}],"author":[{"embeddable":true,"href":"https:\/\/luxe-patrimoine.com\/fr\/wp-json\/wp\/v2\/users\/16"}],"replies":[{"embeddable":true,"href":"https:\/\/luxe-patrimoine.com\/fr\/wp-json\/wp\/v2\/comments?post=6106"}],"version-history":[{"count":7,"href":"https:\/\/luxe-patrimoine.com\/fr\/wp-json\/wp\/v2\/pages\/6106\/revisions"}],"predecessor-version":[{"id":6115,"href":"https:\/\/luxe-patrimoine.com\/fr\/wp-json\/wp\/v2\/pages\/6106\/revisions\/6115"}],"wp:attachment":[{"href":"https:\/\/luxe-patrimoine.com\/fr\/wp-json\/wp\/v2\/media?parent=6106"}],"curies":[{"name":"wp","href":"https:\/\/api.w.org\/{rel}","templated":true}]}}